{"id":14,"date":"2024-12-04T09:45:01","date_gmt":"2024-12-04T09:45:01","guid":{"rendered":"https:\/\/youthful-moser.148-251-14-110.plesk.page\/?page_id=14"},"modified":"2025-05-07T09:21:44","modified_gmt":"2025-05-07T09:21:44","slug":"home","status":"publish","type":"page","link":"https:\/\/www.moveup-ooe.at\/","title":{"rendered":"Home"},"content":{"rendered":"\t\t<div data-elementor-type=\"wp-page\" data-elementor-id=\"14\" class=\"elementor elementor-14\" data-elementor-post-type=\"page\">\n\t\t\t\t<div class=\"elementor-element elementor-element-a970f9d elementor-hidden-mobile elementor-hidden-tablet e-flex e-con-boxed e-con e-parent\" data-id=\"a970f9d\" data-element_type=\"container\">\n\t\t\t\t\t<div class=\"e-con-inner\">\n\t\t\t\t<div class=\"elementor-element elementor-element-310e1d5 elementor-widget__width-initial elementor-widget elementor-widget-image\" data-id=\"310e1d5\" data-element_type=\"widget\" data-widget_type=\"image.default\">\n\t\t\t\t<div class=\"elementor-widget-container\">\n\t\t\t\t\t\t\t\t\t\t\t\t\t\t\t<img fetchpriority=\"high\" decoding=\"async\" width=\"800\" height=\"829\" src=\"https:\/\/www.moveup-ooe.at\/wp-content\/uploads\/2024\/12\/Pfeil_Header-1-988x1024.webp\" class=\"attachment-large size-large wp-image-406\" alt=\"\" srcset=\"https:\/\/www.moveup-ooe.at\/wp-content\/uploads\/2024\/12\/Pfeil_Header-1-988x1024.webp 988w, https:\/\/www.moveup-ooe.at\/wp-content\/uploads\/2024\/12\/Pfeil_Header-1-289x300.webp 289w, https:\/\/www.moveup-ooe.at\/wp-content\/uploads\/2024\/12\/Pfeil_Header-1-768x796.webp 768w, https:\/\/www.moveup-ooe.at\/wp-content\/uploads\/2024\/12\/Pfeil_Header-1.webp 1029w\" sizes=\"(max-width: 800px) 100vw, 800px\" \/>\t\t\t\t\t\t\t\t\t\t\t\t\t\t\t<\/div>\n\t\t\t\t<\/div>\n\t\t\t\t\t<\/div>\n\t\t\t\t<\/div>\n\t\t<div class=\"elementor-element elementor-element-211694f e-flex e-con-boxed e-con e-parent\" data-id=\"211694f\" data-element_type=\"container\" data-settings=\"{&quot;background_background&quot;:&quot;classic&quot;}\">\n\t\t\t\t\t<div class=\"e-con-inner\">\n\t\t\t\t<div class=\"elementor-element elementor-element-402bcff elementor-widget elementor-widget-n-carousel\" data-id=\"402bcff\" data-element_type=\"widget\" data-settings=\"{&quot;carousel_items&quot;:[{&quot;slide_title&quot;:&quot;Slide #1&quot;,&quot;_id&quot;:&quot;ea6f99d&quot;},{&quot;slide_title&quot;:&quot;Slide #2&quot;,&quot;_id&quot;:&quot;a0fbd9d&quot;}],&quot;slides_to_show&quot;:&quot;1&quot;,&quot;slides_to_scroll&quot;:&quot;1&quot;,&quot;autoplay_speed&quot;:10000,&quot;slides_to_show_tablet&quot;:&quot;1&quot;,&quot;slides_to_show_mobile&quot;:&quot;1&quot;,&quot;autoplay&quot;:&quot;yes&quot;,&quot;pause_on_hover&quot;:&quot;yes&quot;,&quot;pause_on_interaction&quot;:&quot;yes&quot;,&quot;infinite&quot;:&quot;yes&quot;,&quot;speed&quot;:500,&quot;offset_sides&quot;:&quot;none&quot;,&quot;image_spacing_custom&quot;:{&quot;unit&quot;:&quot;px&quot;,&quot;size&quot;:10,&quot;sizes&quot;:[]},&quot;image_spacing_custom_laptop&quot;:{&quot;unit&quot;:&quot;px&quot;,&quot;size&quot;:&quot;&quot;,&quot;sizes&quot;:[]},&quot;image_spacing_custom_tablet_extra&quot;:{&quot;unit&quot;:&quot;px&quot;,&quot;size&quot;:&quot;&quot;,&quot;sizes&quot;:[]},&quot;image_spacing_custom_tablet&quot;:{&quot;unit&quot;:&quot;px&quot;,&quot;size&quot;:&quot;&quot;,&quot;sizes&quot;:[]},&quot;image_spacing_custom_mobile&quot;:{&quot;unit&quot;:&quot;px&quot;,&quot;size&quot;:&quot;&quot;,&quot;sizes&quot;:[]}}\" data-widget_type=\"nested-carousel.default\">\n\t\t\t\t<div class=\"elementor-widget-container\">\n\t\t\t\t\t\t\t<div class=\"e-n-carousel swiper\" role=\"region\" aria-roledescription=\"carousel\" aria-label=\"Karussell\" dir=\"ltr\">\n\t\t\t<div class=\"swiper-wrapper\" aria-live=\"off\">\n\t\t\t\t\t\t\t\t\t\t<div class=\"swiper-slide\" data-slide=\"1\" role=\"group\" aria-roledescription=\"slide\" aria-label=\"1 von 2\">\n\t\t\t\t\t\t\t<div class=\"elementor-element elementor-element-f9b90d3 e-flex e-con-boxed e-con e-child\" data-id=\"f9b90d3\" data-element_type=\"container\">\n\t\t\t\t\t<div class=\"e-con-inner\">\n\t\t<div class=\"elementor-element elementor-element-accc827 e-con-full e-flex e-con e-child\" data-id=\"accc827\" data-element_type=\"container\">\n\t\t\t\t<div class=\"elementor-element elementor-element-cdcf4e3 elementor-widget elementor-widget-heading\" data-id=\"cdcf4e3\" data-element_type=\"widget\" data-widget_type=\"heading.default\">\n\t\t\t\t<div class=\"elementor-widget-container\">\n\t\t\t\t\t<h1 class=\"elementor-heading-title elementor-size-default\">Die Initiative der WKO\u00d6 f\u00fcr gesunde &amp; Fitte Lehrlinge<\/h1>\t\t\t\t<\/div>\n\t\t\t\t<\/div>\n\t\t\t\t<div class=\"elementor-element elementor-element-f561dfa elementor-widget elementor-widget-text-editor\" data-id=\"f561dfa\" data-element_type=\"widget\" data-widget_type=\"text-editor.default\">\n\t\t\t\t<div class=\"elementor-widget-container\">\n\t\t\t\t\t\t\t\t\t<p>Ein gesunder K\u00f6rper ist die Grundlage f\u00fcr Erfolg \u2013 sowohl im Berufsleben als auch im Privatleben. Denn nur wer sich in seinem K\u00f6rper wohlf\u00fchlt, kann sein volles Potenzial entfalten. Das Pilotprojekt move up unterst\u00fctzt Lehrlinge auf dem Weg in einen gesunden &amp; fitten Alltag.<\/p>\t\t\t\t\t\t\t\t<\/div>\n\t\t\t\t<\/div>\n\t\t<div class=\"elementor-element elementor-element-d33a6d6 e-con-full e-flex e-con e-child\" data-id=\"d33a6d6\" data-element_type=\"container\">\n\t\t\t\t<div class=\"elementor-element elementor-element-57e671d elementor-view-default elementor-widget elementor-widget-icon\" data-id=\"57e671d\" data-element_type=\"widget\" data-widget_type=\"icon.default\">\n\t\t\t\t<div class=\"elementor-widget-container\">\n\t\t\t\t\t\t\t<div class=\"elementor-icon-wrapper\">\n\t\t\t<div class=\"elementor-icon\">\n\t\t\t<svg aria-hidden=\"true\" class=\"e-font-icon-svg e-fas-quote-right\" viewBox=\"0 0 512 512\" xmlns=\"http:\/\/www.w3.org\/2000\/svg\"><path d=\"M464 32H336c-26.5 0-48 21.5-48 48v128c0 26.5 21.5 48 48 48h80v64c0 35.3-28.7 64-64 64h-8c-13.3 0-24 10.7-24 24v48c0 13.3 10.7 24 24 24h8c88.4 0 160-71.6 160-160V80c0-26.5-21.5-48-48-48zm-288 0H48C21.5 32 0 53.5 0 80v128c0 26.5 21.5 48 48 48h80v64c0 35.3-28.7 64-64 64h-8c-13.3 0-24 10.7-24 24v48c0 13.3 10.7 24 24 24h8c88.4 0 160-71.6 160-160V80c0-26.5-21.5-48-48-48z\"><\/path><\/svg>\t\t\t<\/div>\n\t\t<\/div>\n\t\t\t\t\t\t<\/div>\n\t\t\t\t<\/div>\n\t\t<div class=\"elementor-element elementor-element-0348890 e-con-full e-flex e-con e-child\" data-id=\"0348890\" data-element_type=\"container\">\n\t\t\t\t<div class=\"elementor-element elementor-element-d0eb21c elementor-widget elementor-widget-text-editor\" data-id=\"d0eb21c\" data-element_type=\"widget\" data-widget_type=\"text-editor.default\">\n\t\t\t\t<div class=\"elementor-widget-container\">\n\t\t\t\t\t\t\t\t\t<p>move up ist ein echtes Win-Win Projekt, wo Lehrlinge wie Betriebe gleicherma\u00dfen profitieren. Zum einen machen Lehrlinge etwas f\u00fcr ihre Gesundheit und zum anderen sichert es Betrieben gesunde MitarbeiterInnen. Sehr erfreulich, dass die Fitnessbetriebe hier gro\u00dfz\u00fcgig mitmachen und die Initiative unterst\u00fctzen!<\/p>\t\t\t\t\t\t\t\t<\/div>\n\t\t\t\t<\/div>\n\t\t\t\t<div class=\"elementor-element elementor-element-d917257 elementor-widget elementor-widget-text-editor\" data-id=\"d917257\" data-element_type=\"widget\" data-widget_type=\"text-editor.default\">\n\t\t\t\t<div class=\"elementor-widget-container\">\n\t\t\t\t\t\t\t\t\t<p>Petra Riffert, CSE<\/p>\t\t\t\t\t\t\t\t<\/div>\n\t\t\t\t<\/div>\n\t\t\t\t<div class=\"elementor-element elementor-element-018329b elementor-widget elementor-widget-text-editor\" data-id=\"018329b\" data-element_type=\"widget\" data-widget_type=\"text-editor.default\">\n\t\t\t\t<div class=\"elementor-widget-container\">\n\t\t\t\t\t\t\t\t\t<p>Fachgruppenobfrau Freizeit- und Sportbetriebe O\u00d6<\/p>\t\t\t\t\t\t\t\t<\/div>\n\t\t\t\t<\/div>\n\t\t\t\t<\/div>\n\t\t\t\t<div class=\"elementor-element elementor-element-546cb38 elementor-widget elementor-widget-image\" data-id=\"546cb38\" data-element_type=\"widget\" data-widget_type=\"image.default\">\n\t\t\t\t<div class=\"elementor-widget-container\">\n\t\t\t\t\t\t\t\t\t\t\t\t\t\t\t<img decoding=\"async\" width=\"506\" height=\"521\" src=\"https:\/\/www.moveup-ooe.at\/wp-content\/uploads\/2024\/12\/Portrait_PetraRiffert_Kreis-Kopie.webp\" class=\"attachment-large size-large wp-image-168\" alt=\"\" srcset=\"https:\/\/www.moveup-ooe.at\/wp-content\/uploads\/2024\/12\/Portrait_PetraRiffert_Kreis-Kopie.webp 506w, https:\/\/www.moveup-ooe.at\/wp-content\/uploads\/2024\/12\/Portrait_PetraRiffert_Kreis-Kopie-291x300.webp 291w\" sizes=\"(max-width: 506px) 100vw, 506px\" \/>\t\t\t\t\t\t\t\t\t\t\t\t\t\t\t<\/div>\n\t\t\t\t<\/div>\n\t\t\t\t<\/div>\n\t\t\t\t<\/div>\n\t\t\t\t\t<\/div>\n\t\t\t\t<\/div>\n\t\t\t\t\t\t\t\t<\/div>\n\t\t\t\t\t\t\t\t\t\t\t<div class=\"swiper-slide\" data-slide=\"2\" role=\"group\" aria-roledescription=\"slide\" aria-label=\"2 von 2\">\n\t\t\t\t\t\t\t<div class=\"elementor-element elementor-element-bc944fe e-flex e-con-boxed e-con e-child\" data-id=\"bc944fe\" data-element_type=\"container\">\n\t\t\t\t\t<div class=\"e-con-inner\">\n\t\t<div class=\"elementor-element elementor-element-3c01e77 e-con-full e-flex e-con e-child\" data-id=\"3c01e77\" data-element_type=\"container\">\n\t\t\t\t<div class=\"elementor-element elementor-element-1e2ca08 elementor-widget elementor-widget-heading\" data-id=\"1e2ca08\" data-element_type=\"widget\" data-widget_type=\"heading.default\">\n\t\t\t\t<div class=\"elementor-widget-container\">\n\t\t\t\t\t<h1 class=\"elementor-heading-title elementor-size-default\">Die Initiative der WKO\u00d6 f\u00fcr gesunde &amp; Fitte Lehrlinge<\/h1>\t\t\t\t<\/div>\n\t\t\t\t<\/div>\n\t\t\t\t<div class=\"elementor-element elementor-element-2492b1e elementor-widget elementor-widget-text-editor\" data-id=\"2492b1e\" data-element_type=\"widget\" data-widget_type=\"text-editor.default\">\n\t\t\t\t<div class=\"elementor-widget-container\">\n\t\t\t\t\t\t\t\t\t<p>Ein gesunder K\u00f6rper ist die Grundlage f\u00fcr Erfolg \u2013 sowohl im Berufsleben als auch im Privatleben. Denn nur wer sich in seinem K\u00f6rper wohlf\u00fchlt, kann sein volles Potenzial entfalten.\u00a0 Das Pilotprojekt move up unterst\u00fctzt Lehrlinge auf dem Weg in einen gesunden &amp; fitten Alltag.<\/p>\t\t\t\t\t\t\t\t<\/div>\n\t\t\t\t<\/div>\n\t\t<div class=\"elementor-element elementor-element-ee2a1ea e-con-full e-flex e-con e-child\" data-id=\"ee2a1ea\" data-element_type=\"container\">\n\t\t\t\t<div class=\"elementor-element elementor-element-d26a4a9 elementor-view-default elementor-widget elementor-widget-icon\" data-id=\"d26a4a9\" data-element_type=\"widget\" data-widget_type=\"icon.default\">\n\t\t\t\t<div class=\"elementor-widget-container\">\n\t\t\t\t\t\t\t<div class=\"elementor-icon-wrapper\">\n\t\t\t<div class=\"elementor-icon\">\n\t\t\t<svg aria-hidden=\"true\" class=\"e-font-icon-svg e-fas-quote-right\" viewBox=\"0 0 512 512\" xmlns=\"http:\/\/www.w3.org\/2000\/svg\"><path d=\"M464 32H336c-26.5 0-48 21.5-48 48v128c0 26.5 21.5 48 48 48h80v64c0 35.3-28.7 64-64 64h-8c-13.3 0-24 10.7-24 24v48c0 13.3 10.7 24 24 24h8c88.4 0 160-71.6 160-160V80c0-26.5-21.5-48-48-48zm-288 0H48C21.5 32 0 53.5 0 80v128c0 26.5 21.5 48 48 48h80v64c0 35.3-28.7 64-64 64h-8c-13.3 0-24 10.7-24 24v48c0 13.3 10.7 24 24 24h8c88.4 0 160-71.6 160-160V80c0-26.5-21.5-48-48-48z\"><\/path><\/svg>\t\t\t<\/div>\n\t\t<\/div>\n\t\t\t\t\t\t<\/div>\n\t\t\t\t<\/div>\n\t\t<div class=\"elementor-element elementor-element-31906c5 e-con-full e-flex e-con e-child\" data-id=\"31906c5\" data-element_type=\"container\">\n\t\t\t\t<div class=\"elementor-element elementor-element-9500da5 elementor-widget elementor-widget-text-editor\" data-id=\"9500da5\" data-element_type=\"widget\" data-widget_type=\"text-editor.default\">\n\t\t\t\t<div class=\"elementor-widget-container\">\n\t\t\t\t\t\t\t\t\t<p>Ober\u00f6sterreichs Fitnessbetriebe sind nat\u00fcrlich mit dabei, wenn es um die Fitness &amp; Gesundheit unserer Lehrlinge geht. Um die Ausbildungsbetriebe dabei zu unterst\u00fctzen, haben wir f\u00fcr move up ganz spezielle Angebote geschn\u00fcrt, die es den Lehrlingen erleichtern sollen, etwas f\u00fcr ihre Fitness zu tun.<\/p>\t\t\t\t\t\t\t\t<\/div>\n\t\t\t\t<\/div>\n\t\t\t\t<div class=\"elementor-element elementor-element-8c7b3e4 elementor-widget elementor-widget-text-editor\" data-id=\"8c7b3e4\" data-element_type=\"widget\" data-widget_type=\"text-editor.default\">\n\t\t\t\t<div class=\"elementor-widget-container\">\n\t\t\t\t\t\t\t\t\t<p>Mag. Christian Sittenthaler<\/p>\t\t\t\t\t\t\t\t<\/div>\n\t\t\t\t<\/div>\n\t\t\t\t<div class=\"elementor-element elementor-element-106106c elementor-widget elementor-widget-text-editor\" data-id=\"106106c\" data-element_type=\"widget\" data-widget_type=\"text-editor.default\">\n\t\t\t\t<div class=\"elementor-widget-container\">\n\t\t\t\t\t\t\t\t\t<p>Branchensprecher Fitnessbetriebe O\u00d6<\/p>\t\t\t\t\t\t\t\t<\/div>\n\t\t\t\t<\/div>\n\t\t\t\t<\/div>\n\t\t\t\t<div class=\"elementor-element elementor-element-9aa6c42 elementor-widget elementor-widget-image\" data-id=\"9aa6c42\" data-element_type=\"widget\" data-widget_type=\"image.default\">\n\t\t\t\t<div class=\"elementor-widget-container\">\n\t\t\t\t\t\t\t\t\t\t\t\t\t\t\t<img decoding=\"async\" width=\"506\" height=\"521\" src=\"https:\/\/www.moveup-ooe.at\/wp-content\/uploads\/2024\/12\/Portrait_ChristianSittenthaler_Kreis-Kopie.webp\" class=\"attachment-large size-large wp-image-172\" alt=\"\" srcset=\"https:\/\/www.moveup-ooe.at\/wp-content\/uploads\/2024\/12\/Portrait_ChristianSittenthaler_Kreis-Kopie.webp 506w, https:\/\/www.moveup-ooe.at\/wp-content\/uploads\/2024\/12\/Portrait_ChristianSittenthaler_Kreis-Kopie-291x300.webp 291w\" sizes=\"(max-width: 506px) 100vw, 506px\" \/>\t\t\t\t\t\t\t\t\t\t\t\t\t\t\t<\/div>\n\t\t\t\t<\/div>\n\t\t\t\t<\/div>\n\t\t\t\t<\/div>\n\t\t\t\t\t<\/div>\n\t\t\t\t<\/div>\n\t\t\t\t\t\t\t\t<\/div>\n\t\t\t\t\t\t\t\t<\/div>\n\t\t<\/div>\n\t\t\t\t\t\t<\/div>\n\t\t\t\t<\/div>\n\t\t\t\t\t<\/div>\n\t\t\t\t<\/div>\n\t\t<div class=\"elementor-element elementor-element-49e19f3 e-flex e-con-boxed e-con e-parent\" data-id=\"49e19f3\" data-element_type=\"container\">\n\t\t\t\t\t<div class=\"e-con-inner\">\n\t\t\t\t<div class=\"elementor-element elementor-element-7163491 elementor-widget elementor-widget-text-editor\" data-id=\"7163491\" data-element_type=\"widget\" data-widget_type=\"text-editor.default\">\n\t\t\t\t<div class=\"elementor-widget-container\">\n\t\t\t\t\t\t\t\t\t<p>Mitmachen und in eine gesunde &amp; Fitte zukunft starten<\/p>\t\t\t\t\t\t\t\t<\/div>\n\t\t\t\t<\/div>\n\t\t\t\t<div class=\"elementor-element elementor-element-482c9e6 elementor-widget elementor-widget-text-editor\" data-id=\"482c9e6\" data-element_type=\"widget\" data-widget_type=\"text-editor.default\">\n\t\t\t\t<div class=\"elementor-widget-container\">\n\t\t\t\t\t\t\t\t\t<p>Als Pilotprojekt in den Bezirken Ried, Grieskirchen und Eferding bietet die Initiative \u201emove up\u201c Lehrlingen die M\u00f6glichkeit ihre k\u00f6rperliche Fitness zu steigern, ihr Wohlbefinden zu f\u00f6rdern und gleichzeitig ihre Leistungsf\u00e4higkeit im Berufsalltag zu verbessern.<\/p><p><span style=\"color: #e56e02;\"><strong>Mit move up k\u00f6nnen Lehrlinge in ausgew\u00e4hlten Fitnessstudios zu g\u00fcnstigeren Konditionen trainieren. Dazu erhalten Lehrbetriebe f\u00fcr ihre Lehrlinge einen Gutschein im Wert von 50 Euro, der direkt im jeweiligen Fitnessstudio eingel\u00f6st werden kann. Mit diesem Gutschein werden allf\u00e4llige Startkosten, wie z.B. Starterpakete, Trainingsplan, Fitnesscheck etc. reduziert. Voraussetzung f\u00fcr dieses Angebot ist, dass der Lehrbetrieb Mitglied der Wirtschaftskammer Ober\u00f6sterreich ist.<\/strong> <\/span><\/p><p>Zus\u00e4tzlich gibt es wertvolle Tipps und praktische Ratschl\u00e4ge zu Bewegung und gesunder Ern\u00e4hrung im Alltag. So k\u00f6nnen sie ihre Fitness steigern, ihre Gesundheit f\u00f6rdern und mit mehr Energie und Lebensqualit\u00e4t durch den Berufsalltag gehen.<\/p><p>K\u00fcnftig kann das Pilotprojekt auch noch um zus\u00e4tzliche Fitnessbetriebe und -angebote wachsen und auch in weitere Bezirke ausgeweitet werden.<\/p><p><strong>Mach mit und werde Teil der Initiative \u2013 f\u00fcr eine erfolgreiche berufliche Zukunft!<\/strong><\/p>\t\t\t\t\t\t\t\t<\/div>\n\t\t\t\t<\/div>\n\t\t\t\t<div class=\"elementor-element elementor-element-7f03ced elementor-widget elementor-widget-button\" data-id=\"7f03ced\" data-element_type=\"widget\" data-widget_type=\"button.default\">\n\t\t\t\t<div class=\"elementor-widget-container\">\n\t\t\t\t\t\t\t\t\t<div class=\"elementor-button-wrapper\">\n\t\t\t\t\t<a class=\"elementor-button elementor-button-link elementor-size-sm elementor-animation-skew\" href=\"http:\/\/www.moveup-ooe.at\/anmeldung\/\">\n\t\t\t\t\t\t<span class=\"elementor-button-content-wrapper\">\n\t\t\t\t\t\t\t\t\t<span class=\"elementor-button-text\">Jetzt mitmachen<\/span>\n\t\t\t\t\t<\/span>\n\t\t\t\t\t<\/a>\n\t\t\t\t<\/div>\n\t\t\t\t\t\t\t\t<\/div>\n\t\t\t\t<\/div>\n\t\t<div class=\"elementor-element elementor-element-2104397 e-con-full e-flex e-con e-child\" data-id=\"2104397\" data-element_type=\"container\">\n\t\t<div class=\"elementor-element elementor-element-1cd22f3 e-con-full e-flex elementor-invisible e-con e-child\" data-id=\"1cd22f3\" data-element_type=\"container\" data-settings=\"{&quot;background_background&quot;:&quot;classic&quot;,&quot;motion_fx_motion_fx_scrolling&quot;:&quot;yes&quot;,&quot;animation&quot;:&quot;fadeInRight&quot;,&quot;motion_fx_devices&quot;:[&quot;desktop&quot;,&quot;laptop&quot;,&quot;tablet_extra&quot;,&quot;tablet&quot;,&quot;mobile&quot;]}\">\n\t\t\t\t<div class=\"elementor-element elementor-element-f29c4b8 elementor-widget elementor-widget-button\" data-id=\"f29c4b8\" data-element_type=\"widget\" data-widget_type=\"button.default\">\n\t\t\t\t<div class=\"elementor-widget-container\">\n\t\t\t\t\t\t\t\t\t<div class=\"elementor-button-wrapper\">\n\t\t\t\t\t<a class=\"elementor-button elementor-button-link elementor-size-sm elementor-animation-skew\" href=\"http:\/\/www.moveup-ooe.at\/initiative\/\">\n\t\t\t\t\t\t<span class=\"elementor-button-content-wrapper\">\n\t\t\t\t\t\t\t\t\t<span class=\"elementor-button-text\">Die Initiative<\/span>\n\t\t\t\t\t<\/span>\n\t\t\t\t\t<\/a>\n\t\t\t\t<\/div>\n\t\t\t\t\t\t\t\t<\/div>\n\t\t\t\t<\/div>\n\t\t\t\t<\/div>\n\t\t<div class=\"elementor-element elementor-element-352fe4a e-con-full e-flex elementor-invisible e-con e-child\" data-id=\"352fe4a\" data-element_type=\"container\" data-settings=\"{&quot;background_background&quot;:&quot;classic&quot;,&quot;animation&quot;:&quot;fadeInRight&quot;,&quot;animation_delay&quot;:300}\">\n\t\t\t\t<div class=\"elementor-element elementor-element-30b8d26 elementor-widget elementor-widget-button\" data-id=\"30b8d26\" data-element_type=\"widget\" data-widget_type=\"button.default\">\n\t\t\t\t<div class=\"elementor-widget-container\">\n\t\t\t\t\t\t\t\t\t<div class=\"elementor-button-wrapper\">\n\t\t\t\t\t<a class=\"elementor-button elementor-button-link elementor-size-sm elementor-animation-skew\" href=\"http:\/\/www.moveup-ooe.at\/vorteile\/\">\n\t\t\t\t\t\t<span class=\"elementor-button-content-wrapper\">\n\t\t\t\t\t\t\t\t\t<span class=\"elementor-button-text\">Die Vorteile<\/span>\n\t\t\t\t\t<\/span>\n\t\t\t\t\t<\/a>\n\t\t\t\t<\/div>\n\t\t\t\t\t\t\t\t<\/div>\n\t\t\t\t<\/div>\n\t\t\t\t<\/div>\n\t\t<div class=\"elementor-element elementor-element-fc99f74 e-con-full e-flex elementor-invisible e-con e-child\" data-id=\"fc99f74\" data-element_type=\"container\" data-settings=\"{&quot;background_background&quot;:&quot;classic&quot;,&quot;animation&quot;:&quot;fadeInRight&quot;,&quot;animation_delay&quot;:600}\">\n\t\t\t\t<div class=\"elementor-element elementor-element-9255792 elementor-widget elementor-widget-button\" data-id=\"9255792\" data-element_type=\"widget\" data-widget_type=\"button.default\">\n\t\t\t\t<div class=\"elementor-widget-container\">\n\t\t\t\t\t\t\t\t\t<div class=\"elementor-button-wrapper\">\n\t\t\t\t\t<a class=\"elementor-button elementor-button-link elementor-size-sm elementor-animation-skew\" href=\"http:\/\/www.moveup-ooe.at\/studios\/\">\n\t\t\t\t\t\t<span class=\"elementor-button-content-wrapper\">\n\t\t\t\t\t\t\t\t\t<span class=\"elementor-button-text\">Studio finden<\/span>\n\t\t\t\t\t<\/span>\n\t\t\t\t\t<\/a>\n\t\t\t\t<\/div>\n\t\t\t\t\t\t\t\t<\/div>\n\t\t\t\t<\/div>\n\t\t\t\t<\/div>\n\t\t<div class=\"elementor-element elementor-element-24ac6cc e-con-full e-flex elementor-invisible e-con e-child\" data-id=\"24ac6cc\" data-element_type=\"container\" data-settings=\"{&quot;background_background&quot;:&quot;classic&quot;,&quot;animation&quot;:&quot;fadeInRight&quot;,&quot;animation_delay&quot;:600}\">\n\t\t\t\t<div class=\"elementor-element elementor-element-2385156 elementor-widget elementor-widget-button\" data-id=\"2385156\" data-element_type=\"widget\" data-widget_type=\"button.default\">\n\t\t\t\t<div class=\"elementor-widget-container\">\n\t\t\t\t\t\t\t\t\t<div class=\"elementor-button-wrapper\">\n\t\t\t\t\t<a class=\"elementor-button elementor-button-link elementor-size-sm elementor-animation-skew\" href=\"http:\/\/www.moveup-ooe.at\/tipps\/\">\n\t\t\t\t\t\t<span class=\"elementor-button-content-wrapper\">\n\t\t\t\t\t\t\t\t\t<span class=\"elementor-button-text\">Tipps<\/span>\n\t\t\t\t\t<\/span>\n\t\t\t\t\t<\/a>\n\t\t\t\t<\/div>\n\t\t\t\t\t\t\t\t<\/div>\n\t\t\t\t<\/div>\n\t\t\t\t<\/div>\n\t\t\t\t<\/div>\n\t\t\t\t<div class=\"elementor-element elementor-element-6e3a704 elementor-widget elementor-widget-spacer\" data-id=\"6e3a704\" data-element_type=\"widget\" data-widget_type=\"spacer.default\">\n\t\t\t\t<div class=\"elementor-widget-container\">\n\t\t\t\t\t\t\t<div class=\"elementor-spacer\">\n\t\t\t<div class=\"elementor-spacer-inner\"><\/div>\n\t\t<\/div>\n\t\t\t\t\t\t<\/div>\n\t\t\t\t<\/div>\n\t\t<div class=\"elementor-element elementor-element-38c119a e-con-full e-flex e-con e-child\" data-id=\"38c119a\" data-element_type=\"container\">\n\t\t<div class=\"elementor-element elementor-element-d25de9a e-con-full e-flex e-con e-child\" data-id=\"d25de9a\" data-element_type=\"container\">\n\t\t\t\t<div class=\"elementor-element elementor-element-12ca8c1 elementor-widget elementor-widget-heading\" data-id=\"12ca8c1\" data-element_type=\"widget\" data-widget_type=\"heading.default\">\n\t\t\t\t<div class=\"elementor-widget-container\">\n\t\t\t\t\t<h3 class=\"elementor-heading-title elementor-size-default\">Move up Gewinnspiel<\/h3>\t\t\t\t<\/div>\n\t\t\t\t<\/div>\n\t\t\t\t<div class=\"elementor-element elementor-element-e34143e elementor-widget elementor-widget-text-editor\" data-id=\"e34143e\" data-element_type=\"widget\" data-widget_type=\"text-editor.default\">\n\t\t\t\t<div class=\"elementor-widget-container\">\n\t\t\t\t\t\t\t\t\t<p>Zur zus\u00e4tzlichen Motivation unserer ersten Teilnehmer:innen haben wir ein tolles Gewinnspiel veranstaltet. Verlost wurde ein brandneues <strong data-start=\"262\" data-end=\"307\">Genesis Impact Carbon 8.2 Mountainbike 29<\/strong> \u2013 zur Verf\u00fcgung gestellt von Intersport!<\/p><p>Wer gewonnen hat, ist im Video zu sehen!<\/p><p>Ein herzliches Danke an alle Lehrlinge f\u00fcr die Teilnahme \u2013 wir w\u00fcnschen euch alles Gute f\u00fcr eine fitte &amp; gesunde Zukunft mit move up!<\/p>\t\t\t\t\t\t\t\t<\/div>\n\t\t\t\t<\/div>\n\t\t\t\t<\/div>\n\t\t\t\t<div class=\"elementor-element elementor-element-fc1ffe8 elementor-widget__width-inherit elementor-widget elementor-widget-video\" data-id=\"fc1ffe8\" data-element_type=\"widget\" data-settings=\"{&quot;youtube_url&quot;:&quot;https:\\\/\\\/www.youtube.com\\\/watch?v=JdXBq33tgXE&quot;,&quot;video_type&quot;:&quot;youtube&quot;,&quot;controls&quot;:&quot;yes&quot;}\" data-widget_type=\"video.default\">\n\t\t\t\t<div class=\"elementor-widget-container\">\n\t\t\t\t\t\t\t<div class=\"elementor-wrapper elementor-open-inline\">\n\t\t\t<div class=\"elementor-video\"><\/div>\t\t<\/div>\n\t\t\t\t\t\t<\/div>\n\t\t\t\t<\/div>\n\t\t\t\t<\/div>\n\t\t\t\t\t<\/div>\n\t\t\t\t<\/div>\n\t\t\t\t<\/div>\n\t\t","protected":false},"excerpt":{"rendered":"<p>Die Initiative der WKO\u00d6 f\u00fcr gesunde &amp; Fitte Lehrlinge Ein gesunder K\u00f6rper ist die Grundlage f\u00fcr Erfolg \u2013 sowohl im Berufsleben als auch im Privatleben. Denn nur wer sich in seinem K\u00f6rper wohlf\u00fchlt, kann sein volles Potenzial entfalten. Das Pilotprojekt move up unterst\u00fctzt Lehrlinge auf dem Weg in einen gesunden &amp; fitten Alltag. move up [&hellip;]<\/p>\n","protected":false},"author":1,"featured_media":0,"parent":0,"menu_order":0,"comment_status":"closed","ping_status":"closed","template":"","meta":{"footnotes":""},"class_list":["post-14","page","type-page","status-publish","hentry"],"_links":{"self":[{"href":"https:\/\/www.moveup-ooe.at\/index.php?rest_route=\/wp\/v2\/pages\/14","targetHints":{"allow":["GET"]}}],"collection":[{"href":"https:\/\/www.moveup-ooe.at\/index.php?rest_route=\/wp\/v2\/pages"}],"about":[{"href":"https:\/\/www.moveup-ooe.at\/index.php?rest_route=\/wp\/v2\/types\/page"}],"author":[{"embeddable":true,"href":"https:\/\/www.moveup-ooe.at\/index.php?rest_route=\/wp\/v2\/users\/1"}],"replies":[{"embeddable":true,"href":"https:\/\/www.moveup-ooe.at\/index.php?rest_route=%2Fwp%2Fv2%2Fcomments&post=14"}],"version-history":[{"count":15,"href":"https:\/\/www.moveup-ooe.at\/index.php?rest_route=\/wp\/v2\/pages\/14\/revisions"}],"predecessor-version":[{"id":1554,"href":"https:\/\/www.moveup-ooe.at\/index.php?rest_route=\/wp\/v2\/pages\/14\/revisions\/1554"}],"wp:attachment":[{"href":"https:\/\/www.moveup-ooe.at\/index.php?rest_route=%2Fwp%2Fv2%2Fmedia&parent=14"}],"curies":[{"name":"wp","href":"https:\/\/api.w.org\/{rel}","templated":true}]}}