{"id":15,"date":"2024-12-04T09:45:01","date_gmt":"2024-12-04T09:45:01","guid":{"rendered":"https:\/\/youthful-moser.148-251-14-110.plesk.page\/?page_id=15"},"modified":"2025-03-10T14:23:33","modified_gmt":"2025-03-10T14:23:33","slug":"initiative","status":"publish","type":"page","link":"https:\/\/www.moveup-ooe.at\/?page_id=15","title":{"rendered":"Initiative"},"content":{"rendered":"\t\t<div data-elementor-type=\"wp-page\" data-elementor-id=\"15\" class=\"elementor elementor-15\" data-elementor-post-type=\"page\">\n\t\t\t\t<div class=\"elementor-element elementor-element-32c9491c e-flex e-con-boxed e-con e-parent\" data-id=\"32c9491c\" data-element_type=\"container\">\n\t\t\t\t\t<div class=\"e-con-inner\">\n\t\t\t\t<div class=\"elementor-element elementor-element-27fd7580 elementor-widget__width-initial elementor-hidden-mobile elementor-widget elementor-widget-image\" data-id=\"27fd7580\" data-element_type=\"widget\" data-widget_type=\"image.default\">\n\t\t\t\t<div class=\"elementor-widget-container\">\n\t\t\t\t\t\t\t\t\t\t\t\t\t\t\t<img fetchpriority=\"high\" decoding=\"async\" width=\"800\" height=\"829\" src=\"https:\/\/www.moveup-ooe.at\/wp-content\/uploads\/2024\/12\/Pfeil_Header-1-988x1024.webp\" class=\"attachment-large size-large wp-image-406\" alt=\"\" srcset=\"https:\/\/www.moveup-ooe.at\/wp-content\/uploads\/2024\/12\/Pfeil_Header-1-988x1024.webp 988w, https:\/\/www.moveup-ooe.at\/wp-content\/uploads\/2024\/12\/Pfeil_Header-1-289x300.webp 289w, https:\/\/www.moveup-ooe.at\/wp-content\/uploads\/2024\/12\/Pfeil_Header-1-768x796.webp 768w, https:\/\/www.moveup-ooe.at\/wp-content\/uploads\/2024\/12\/Pfeil_Header-1.webp 1029w\" sizes=\"(max-width: 800px) 100vw, 800px\" \/>\t\t\t\t\t\t\t\t\t\t\t\t\t\t\t<\/div>\n\t\t\t\t<\/div>\n\t\t\t\t\t<\/div>\n\t\t\t\t<\/div>\n\t\t<div class=\"elementor-element elementor-element-5a0416d5 e-flex e-con-boxed e-con e-parent\" data-id=\"5a0416d5\" data-element_type=\"container\" data-settings=\"{&quot;background_background&quot;:&quot;classic&quot;}\">\n\t\t\t\t\t<div class=\"e-con-inner\">\n\t\t\t\t<div class=\"elementor-element elementor-element-41d876a elementor-widget elementor-widget-heading\" data-id=\"41d876a\" data-element_type=\"widget\" data-widget_type=\"heading.default\">\n\t\t\t\t<div class=\"elementor-widget-container\">\n\t\t\t\t\t<h2 class=\"elementor-heading-title elementor-size-default\">Die initiative<\/h2>\t\t\t\t<\/div>\n\t\t\t\t<\/div>\n\t\t\t\t<div class=\"elementor-element elementor-element-822c1e1 elementor-widget elementor-widget-text-editor\" data-id=\"822c1e1\" data-element_type=\"widget\" data-widget_type=\"text-editor.default\">\n\t\t\t\t<div class=\"elementor-widget-container\">\n\t\t\t\t\t\t\t\t\t<p>Laut WIFO-Fehlzeitenreport machen Muskel-Skelett-Erkrankungen 11% der Krankenst\u00e4nde und 18,5% der Krankenstandstage aus. move up motiviert Lehrlinge und junge Erwerbst\u00e4tige mit Unterst\u00fctzung der Lehrbetriebe zu mehr Bewegung und gesunder Ern\u00e4hrung im Alltag, wodurch sich Krankenst\u00e4nde verringern. Auch Krankheiten des Verdauungssystems spielen zunehmend eine Rolle.<\/p>\t\t\t\t\t\t\t\t<\/div>\n\t\t\t\t<\/div>\n\t\t\t\t\t<\/div>\n\t\t\t\t<\/div>\n\t\t<div class=\"elementor-element elementor-element-3503469 e-flex e-con-boxed e-con e-parent\" data-id=\"3503469\" data-element_type=\"container\">\n\t\t\t\t\t<div class=\"e-con-inner\">\n\t\t\t\t<div class=\"elementor-element elementor-element-fcc4bd2 elementor-widget elementor-widget-heading\" data-id=\"fcc4bd2\" data-element_type=\"widget\" data-widget_type=\"heading.default\">\n\t\t\t\t<div class=\"elementor-widget-container\">\n\t\t\t\t\t<h3 class=\"elementor-heading-title elementor-size-default\">Mehr Energie und Lebensqualit\u00e4t im Berufsalltag<\/h3>\t\t\t\t<\/div>\n\t\t\t\t<\/div>\n\t\t\t\t<div class=\"elementor-element elementor-element-6b225e3 elementor-widget elementor-widget-text-editor\" data-id=\"6b225e3\" data-element_type=\"widget\" data-widget_type=\"text-editor.default\">\n\t\t\t\t<div class=\"elementor-widget-container\">\n\t\t\t\t\t\t\t\t\t<p>move up bietet Lehrlingen die M\u00f6glichkeit ihre k\u00f6rperliche Fitness zu steigern, ihr Wohlbefinden zu f\u00f6rdern und gleichzeitig ihre Leistungsf\u00e4higkeit im Berufsalltag zu verbessern.<\/p><p>Die ober\u00f6sterreichischen Fitnessbetriebe unterst\u00fctzen die Initiative durch einen speziellen move up Tarif, mit dem die Lehrlinge und jungen Erwerbst\u00e4tigen zu g\u00fcnstigeren Konditionen trainieren k\u00f6nnen. Dadurch soll es ihnen erleichtert werden, etwas f\u00fcr ihre Fitness zu tun. Zu Beginn erfolgt ein Fitness-Check durch die Fitnessbetriebe. Auf Basis der Ergebnisse bekommen die Lehrlinge ein individuelles Trainingsprogramm.<\/p>\t\t\t\t\t\t\t\t<\/div>\n\t\t\t\t<\/div>\n\t\t<div class=\"elementor-element elementor-element-e8d669a e-con-full e-flex e-con e-child\" data-id=\"e8d669a\" data-element_type=\"container\">\n\t\t<div class=\"elementor-element elementor-element-a3a80ff e-con-full e-flex e-con e-child\" data-id=\"a3a80ff\" data-element_type=\"container\">\n\t\t\t\t<div class=\"elementor-element elementor-element-a400621 elementor-widget elementor-widget-text-editor\" data-id=\"a400621\" data-element_type=\"widget\" data-widget_type=\"text-editor.default\">\n\t\t\t\t<div class=\"elementor-widget-container\">\n\t\t\t\t\t\t\t\t\t<p>Pilotprojekt in Ried, Grieskirchen und Eferding<\/p>\t\t\t\t\t\t\t\t<\/div>\n\t\t\t\t<\/div>\n\t\t\t\t<div class=\"elementor-element elementor-element-0129fa1 elementor-widget elementor-widget-text-editor\" data-id=\"0129fa1\" data-element_type=\"widget\" data-widget_type=\"text-editor.default\">\n\t\t\t\t<div class=\"elementor-widget-container\">\n\t\t\t\t\t\t\t\t\t<p>Die Initiative startet in den Bezirken Ried, Grieskirchen und Eferding und ist f\u00fcr das Jahr 2025 geplant. Daf\u00fcr gibt es ein Budget zur Unterst\u00fctzung von 500 Lehrlingen, das nach dem Prinzip &#8222;first come &#8211; first serve&#8220; verteilt wird. Eine Ausrollung auf ganz Ober\u00f6sterreich ist vorgesehen. Erkenntnisse und Learnings aus der Pilotregion sollen dann einflie\u00dfen.<\/p><p>Aus Erstgespr\u00e4chen haben sich 60 Lehrbetriebe und 14 Studios bereit erkl\u00e4rt, an der Initiative move up mitzuwirken.<\/p>\t\t\t\t\t\t\t\t<\/div>\n\t\t\t\t<\/div>\n\t\t\t\t<\/div>\n\t\t\t\t<div class=\"elementor-element elementor-element-a6ec2e8 elementor-widget elementor-widget-image\" data-id=\"a6ec2e8\" data-element_type=\"widget\" data-widget_type=\"image.default\">\n\t\t\t\t<div class=\"elementor-widget-container\">\n\t\t\t\t\t\t\t\t\t\t\t\t\t\t\t\t<a href=\"http:\/\/www.moveup-ooe.at\/wp-content\/uploads\/2025\/01\/moveup_Karte-scaled.webp\" data-elementor-open-lightbox=\"yes\" data-elementor-lightbox-title=\"moveup_Karte\" data-e-action-hash=\"#elementor-action%3Aaction%3Dlightbox%26settings%3DeyJpZCI6MTA0MCwidXJsIjoiaHR0cHM6XC9cL3d3dy5tb3ZldXAtb29lLmF0XC93cC1jb250ZW50XC91cGxvYWRzXC8yMDI1XC8wMVwvbW92ZXVwX0thcnRlLXNjYWxlZC53ZWJwIn0%3D\">\n\t\t\t\t\t\t\t<img decoding=\"async\" width=\"800\" height=\"566\" src=\"https:\/\/www.moveup-ooe.at\/wp-content\/uploads\/2025\/01\/moveup_Karte-1024x724.webp\" class=\"attachment-large size-large wp-image-1040\" alt=\"\" srcset=\"https:\/\/www.moveup-ooe.at\/wp-content\/uploads\/2025\/01\/moveup_Karte-1024x724.webp 1024w, https:\/\/www.moveup-ooe.at\/wp-content\/uploads\/2025\/01\/moveup_Karte-300x212.webp 300w, https:\/\/www.moveup-ooe.at\/wp-content\/uploads\/2025\/01\/moveup_Karte-768x543.webp 768w, https:\/\/www.moveup-ooe.at\/wp-content\/uploads\/2025\/01\/moveup_Karte-1536x1086.webp 1536w, https:\/\/www.moveup-ooe.at\/wp-content\/uploads\/2025\/01\/moveup_Karte-2048x1449.webp 2048w\" sizes=\"(max-width: 800px) 100vw, 800px\" \/>\t\t\t\t\t\t\t\t<\/a>\n\t\t\t\t\t\t\t\t\t\t\t\t\t\t\t<\/div>\n\t\t\t\t<\/div>\n\t\t\t\t<\/div>\n\t\t<div class=\"elementor-element elementor-element-3b74985 e-con-full e-flex e-con e-child\" data-id=\"3b74985\" data-element_type=\"container\">\n\t\t<div class=\"elementor-element elementor-element-238e82c e-con-full e-flex e-con e-child\" data-id=\"238e82c\" data-element_type=\"container\">\n\t\t\t\t<div class=\"elementor-element elementor-element-06555f3 elementor-widget elementor-widget-text-editor\" data-id=\"06555f3\" data-element_type=\"widget\" data-widget_type=\"text-editor.default\">\n\t\t\t\t<div class=\"elementor-widget-container\">\n\t\t\t\t\t\t\t\t\t<p>Pressekonferenz, 5. M\u00e4rz 2025<\/p>\t\t\t\t\t\t\t\t<\/div>\n\t\t\t\t<\/div>\n\t\t\t\t<div class=\"elementor-element elementor-element-859308e elementor-widget elementor-widget-text-editor\" data-id=\"859308e\" data-element_type=\"widget\" data-widget_type=\"text-editor.default\">\n\t\t\t\t<div class=\"elementor-widget-container\">\n\t\t\t\t\t\t\t\t\t<p><strong>Am 5. M\u00e4rz 2025 fand bei Team 7 in Ried die Pressekonferenz zu <em data-start=\"81\" data-end=\"90\">move up<\/em> statt.<\/strong> Als Projektpartner und Impulsgeber unterst\u00fctzt Team 7 von Anfang an die Initiative. Bei der Pressekonferenz wurde besonders hervorgebehoben, wie <em>move up<\/em>\u00a0 Betrieben dabei hilft, die Gesundheit ihrer Mitarbeitenden zu f\u00f6rdern.\u00a0<\/p><p>Die Initiative erg\u00e4nzt perfekt die starken Angebote der WKO\u00d6 im Bereich der Lehrlingsausbildung.<\/p>\t\t\t\t\t\t\t\t<\/div>\n\t\t\t\t<\/div>\n\t\t\t\t<div class=\"elementor-element elementor-element-60b893e elementor-widget elementor-widget-text-editor\" data-id=\"60b893e\" data-element_type=\"widget\" data-widget_type=\"text-editor.default\">\n\t\t\t\t<div class=\"elementor-widget-container\">\n\t\t\t\t\t\t\t\t\t<p><strong>Im Bild von links:<\/strong> Team-7-Tischlerlehrlinge Nail Skalic und Frida B\u00f6hme, Gesch\u00e4ftsfu\u0308hrer Mag. Dr. Georg Emprechtinger, MBA <em>(Team 7)<\/em>, WKO\u00d6 Fachgruppenobfrau Petra Riffert, CSE <em>(FG Freizeit- und Sportbetriebe)<\/em>, Gesch\u00e4ftsfu\u0308hrer Dr. Robert Steiner, MBA <em>(WKO\u00d6 FG Freizeit- und Sportbetriebe),<\/em> Branchensprecher Mag. Christian Sittenthaler <em>(O\u00d6 Fitnessbetriebe)<\/em>, Florian Taugwalder <em>(INJOY Ried Fitnessstudio)<\/em><\/p>\t\t\t\t\t\t\t\t<\/div>\n\t\t\t\t<\/div>\n\t\t\t\t<\/div>\n\t\t\t\t<div class=\"elementor-element elementor-element-de06d9b elementor-widget elementor-widget-image\" data-id=\"de06d9b\" data-element_type=\"widget\" data-widget_type=\"image.default\">\n\t\t\t\t<div class=\"elementor-widget-container\">\n\t\t\t\t\t\t\t\t\t\t\t\t\t\t\t\t<a href=\"http:\/\/www.moveup-ooe.at\/wp-content\/uploads\/2025\/03\/Pressekonferenz_05032025.webp\" data-elementor-open-lightbox=\"yes\" data-elementor-lightbox-title=\"Pressekonferenz_05032025\" data-e-action-hash=\"#elementor-action%3Aaction%3Dlightbox%26settings%3DeyJpZCI6MTUwNCwidXJsIjoiaHR0cHM6XC9cL3d3dy5tb3ZldXAtb29lLmF0XC93cC1jb250ZW50XC91cGxvYWRzXC8yMDI1XC8wM1wvUHJlc3Nla29uZmVyZW56XzA1MDMyMDI1LndlYnAifQ%3D%3D\">\n\t\t\t\t\t\t\t<img decoding=\"async\" width=\"1250\" height=\"1000\" src=\"https:\/\/www.moveup-ooe.at\/wp-content\/uploads\/2025\/03\/Pressekonferenz_05032025.webp\" class=\"attachment-full size-full wp-image-1504\" alt=\"\" srcset=\"https:\/\/www.moveup-ooe.at\/wp-content\/uploads\/2025\/03\/Pressekonferenz_05032025.webp 1250w, https:\/\/www.moveup-ooe.at\/wp-content\/uploads\/2025\/03\/Pressekonferenz_05032025-300x240.webp 300w, https:\/\/www.moveup-ooe.at\/wp-content\/uploads\/2025\/03\/Pressekonferenz_05032025-1024x819.webp 1024w, https:\/\/www.moveup-ooe.at\/wp-content\/uploads\/2025\/03\/Pressekonferenz_05032025-768x614.webp 768w\" sizes=\"(max-width: 1250px) 100vw, 1250px\" \/>\t\t\t\t\t\t\t\t<\/a>\n\t\t\t\t\t\t\t\t\t\t\t\t\t\t\t<\/div>\n\t\t\t\t<\/div>\n\t\t\t\t<\/div>\n\t\t\t\t\t<\/div>\n\t\t\t\t<\/div>\n\t\t<div class=\"elementor-element elementor-element-7db9885 e-flex e-con-boxed e-con e-parent\" data-id=\"7db9885\" data-element_type=\"container\">\n\t\t\t\t\t<div class=\"e-con-inner\">\n\t\t\t\t<div class=\"elementor-element elementor-element-8fef7b9 elementor-widget elementor-widget-text-editor\" data-id=\"8fef7b9\" data-element_type=\"widget\" data-widget_type=\"text-editor.default\">\n\t\t\t\t<div class=\"elementor-widget-container\">\n\t\t\t\t\t\t\t\t\t<p><strong>F\u00fcr Fragen zum Projekt stehen wir gerne zur Verf\u00fcgung:<\/strong><\/p>\t\t\t\t\t\t\t\t<\/div>\n\t\t\t\t<\/div>\n\t\t\t\t<div class=\"elementor-element elementor-element-c6c0c8b elementor-widget elementor-widget-text-editor\" data-id=\"c6c0c8b\" data-element_type=\"widget\" data-widget_type=\"text-editor.default\">\n\t\t\t\t<div class=\"elementor-widget-container\">\n\t\t\t\t\t\t\t\t\t<div class=\"elementor-element elementor-element-311a2fc e-flex e-con-boxed e-con e-parent e-lazyloaded\" data-id=\"311a2fc\" data-element_type=\"container\"><div class=\"e-con-inner\"><div class=\"elementor-element elementor-element-20168d2 elementor-widget elementor-widget-text-editor\" data-id=\"20168d2\" data-element_type=\"widget\" data-widget_type=\"text-editor.default\"><div class=\"elementor-widget-container\"><div id=\"cc-m-16348629422\" class=\"j-module n j-header \"><h5 id=\"cc-m-header-16348629422\"><strong>Fachgruppe O\u00d6 der Freizeit- und Sportbetriebe<br \/><\/strong><strong>Sparte Tourismus und Freizeitwirtschaft <br \/><\/strong><\/h5><\/div><div id=\"cc-m-16348628822\" class=\"j-module n j-text \"><p>Hessenplatz 3 | 4020 Linz<br \/><strong>T<\/strong> +43 5 90 909 DW 4621<br \/><strong>F<\/strong> +43 5 90 909 DW 4629<br \/><strong>E<\/strong> <a title=\"freizeit@wkooe.at\" href=\"mailto:freizeit@wkooe.at\">freizeit{@}wkooe.at<\/a><br \/><strong>W<\/strong> <a title=\"www.wko.at\/ooe\/freizeitbetriebe\" href=\"http:\/\/www.wko.at\/ooe\/freizeitbetriebe\" target=\"_blank\" rel=\"noopener\">www.wko.at\/ooe\/freizeitbetriebe<\/a><\/p><\/div><\/div><\/div><\/div><\/div>\t\t\t\t\t\t\t\t<\/div>\n\t\t\t\t<\/div>\n\t\t\t\t\t<\/div>\n\t\t\t\t<\/div>\n\t\t\t\t<\/div>\n\t\t","protected":false},"excerpt":{"rendered":"<p>Die initiative Laut WIFO-Fehlzeitenreport machen Muskel-Skelett-Erkrankungen 11% der Krankenst\u00e4nde und 18,5% der Krankenstandstage aus. move up motiviert Lehrlinge und junge Erwerbst\u00e4tige mit Unterst\u00fctzung der Lehrbetriebe zu mehr Bewegung und gesunder Ern\u00e4hrung im Alltag, wodurch sich Krankenst\u00e4nde verringern. Auch Krankheiten des Verdauungssystems spielen zunehmend eine Rolle. Mehr Energie und Lebensqualit\u00e4t im Berufsalltag move up bietet Lehrlingen [&hellip;]<\/p>\n","protected":false},"author":1,"featured_media":0,"parent":0,"menu_order":0,"comment_status":"closed","ping_status":"closed","template":"","meta":{"footnotes":""},"class_list":["post-15","page","type-page","status-publish","hentry"],"_links":{"self":[{"href":"https:\/\/www.moveup-ooe.at\/index.php?rest_route=\/wp\/v2\/pages\/15","targetHints":{"allow":["GET"]}}],"collection":[{"href":"https:\/\/www.moveup-ooe.at\/index.php?rest_route=\/wp\/v2\/pages"}],"about":[{"href":"https:\/\/www.moveup-ooe.at\/index.php?rest_route=\/wp\/v2\/types\/page"}],"author":[{"embeddable":true,"href":"https:\/\/www.moveup-ooe.at\/index.php?rest_route=\/wp\/v2\/users\/1"}],"replies":[{"embeddable":true,"href":"https:\/\/www.moveup-ooe.at\/index.php?rest_route=%2Fwp%2Fv2%2Fcomments&post=15"}],"version-history":[{"count":27,"href":"https:\/\/www.moveup-ooe.at\/index.php?rest_route=\/wp\/v2\/pages\/15\/revisions"}],"predecessor-version":[{"id":1531,"href":"https:\/\/www.moveup-ooe.at\/index.php?rest_route=\/wp\/v2\/pages\/15\/revisions\/1531"}],"wp:attachment":[{"href":"https:\/\/www.moveup-ooe.at\/index.php?rest_route=%2Fwp%2Fv2%2Fmedia&parent=15"}],"curies":[{"name":"wp","href":"https:\/\/api.w.org\/{rel}","templated":true}]}}