{"id":18,"date":"2024-12-04T09:45:02","date_gmt":"2024-12-04T09:45:02","guid":{"rendered":"https:\/\/youthful-moser.148-251-14-110.plesk.page\/?page_id=18"},"modified":"2025-01-07T16:05:32","modified_gmt":"2025-01-07T16:05:32","slug":"anmeldung","status":"publish","type":"page","link":"https:\/\/www.moveup-ooe.at\/?page_id=18","title":{"rendered":"Anmeldung"},"content":{"rendered":"\t\t<div data-elementor-type=\"wp-page\" data-elementor-id=\"18\" class=\"elementor elementor-18\" data-elementor-post-type=\"page\">\n\t\t\t\t<div class=\"elementor-element elementor-element-3eb78d8f elementor-hidden-mobile e-flex e-con-boxed e-con e-parent\" data-id=\"3eb78d8f\" data-element_type=\"container\">\n\t\t\t\t\t<div class=\"e-con-inner\">\n\t\t\t\t<div class=\"elementor-element elementor-element-744eafdc elementor-widget__width-initial elementor-widget elementor-widget-image\" data-id=\"744eafdc\" data-element_type=\"widget\" data-widget_type=\"image.default\">\n\t\t\t\t<div class=\"elementor-widget-container\">\n\t\t\t\t\t\t\t\t\t\t\t\t\t\t\t<img fetchpriority=\"high\" decoding=\"async\" width=\"800\" height=\"829\" src=\"https:\/\/www.moveup-ooe.at\/wp-content\/uploads\/2024\/12\/Pfeil_Header-1-988x1024.webp\" class=\"attachment-large size-large wp-image-406\" alt=\"\" srcset=\"https:\/\/www.moveup-ooe.at\/wp-content\/uploads\/2024\/12\/Pfeil_Header-1-988x1024.webp 988w, https:\/\/www.moveup-ooe.at\/wp-content\/uploads\/2024\/12\/Pfeil_Header-1-289x300.webp 289w, https:\/\/www.moveup-ooe.at\/wp-content\/uploads\/2024\/12\/Pfeil_Header-1-768x796.webp 768w, https:\/\/www.moveup-ooe.at\/wp-content\/uploads\/2024\/12\/Pfeil_Header-1.webp 1029w\" sizes=\"(max-width: 800px) 100vw, 800px\" \/>\t\t\t\t\t\t\t\t\t\t\t\t\t\t\t<\/div>\n\t\t\t\t<\/div>\n\t\t\t\t\t<\/div>\n\t\t\t\t<\/div>\n\t\t<div class=\"elementor-element elementor-element-64f6af38 e-flex e-con-boxed e-con e-parent\" data-id=\"64f6af38\" data-element_type=\"container\" data-settings=\"{&quot;background_background&quot;:&quot;classic&quot;}\">\n\t\t\t\t\t<div class=\"e-con-inner\">\n\t\t\t\t<div class=\"elementor-element elementor-element-4b7aafe elementor-widget elementor-widget-heading\" data-id=\"4b7aafe\" data-element_type=\"widget\" data-widget_type=\"heading.default\">\n\t\t\t\t<div class=\"elementor-widget-container\">\n\t\t\t\t\t<h2 class=\"elementor-heading-title elementor-size-default\">Anmeldung<\/h2>\t\t\t\t<\/div>\n\t\t\t\t<\/div>\n\t\t\t\t<div class=\"elementor-element elementor-element-7db8ce3 elementor-widget elementor-widget-text-editor\" data-id=\"7db8ce3\" data-element_type=\"widget\" data-widget_type=\"text-editor.default\">\n\t\t\t\t<div class=\"elementor-widget-container\">\n\t\t\t\t\t\t\t\t\t<p>Ein gesunder K\u00f6rper ist die Grundlage f\u00fcr Erfolg \u2013 sowohl im Berufsleben als auch im Privatleben. <br \/>Mach mit und werde Teil der Initiative \u2013 f\u00fcr eine erfolgreiche berufliche Zukunft!<\/p>\t\t\t\t\t\t\t\t<\/div>\n\t\t\t\t<\/div>\n\t\t\t\t\t<\/div>\n\t\t\t\t<\/div>\n\t\t<div class=\"elementor-element elementor-element-7d214c3 e-flex e-con-boxed e-con e-parent\" data-id=\"7d214c3\" data-element_type=\"container\">\n\t\t\t\t\t<div class=\"e-con-inner\">\n\t\t\t\t<div class=\"elementor-element elementor-element-c056ca1 elementor-widget elementor-widget-heading\" data-id=\"c056ca1\" data-element_type=\"widget\" data-widget_type=\"heading.default\">\n\t\t\t\t<div class=\"elementor-widget-container\">\n\t\t\t\t\t<h3 class=\"elementor-heading-title elementor-size-default\">In eine gesunde &amp; Fitte Zukunft starten<\/h3>\t\t\t\t<\/div>\n\t\t\t\t<\/div>\n\t\t\t\t<div class=\"elementor-element elementor-element-2b30d71 elementor-widget elementor-widget-text-editor\" data-id=\"2b30d71\" data-element_type=\"widget\" data-widget_type=\"text-editor.default\">\n\t\t\t\t<div class=\"elementor-widget-container\">\n\t\t\t\t\t\t\t\t\t<p>Dein Weg zu mehr Fitness und Gesundheit! Durch die Teilnahme an der Initiative \u201emove up\u201c kannst du nicht nur deine k\u00f6rperliche Fitness steigern, sondern auch deine mentale St\u00e4rke verbessern, Stress abbauen und somit deinen Arbeitsalltag noch besser meistern.<\/p>\t\t\t\t\t\t\t\t<\/div>\n\t\t\t\t<\/div>\n\t\t\t\t<div class=\"elementor-element elementor-element-2655ee4 elementor-position-left elementor-mobile-position-left elementor-view-default elementor-widget elementor-widget-icon-box\" data-id=\"2655ee4\" data-element_type=\"widget\" data-widget_type=\"icon-box.default\">\n\t\t\t\t<div class=\"elementor-widget-container\">\n\t\t\t\t\t\t\t<div class=\"elementor-icon-box-wrapper\">\n\n\t\t\t\t\t\t<div class=\"elementor-icon-box-icon\">\n\t\t\t\t<span  class=\"elementor-icon\">\n\t\t\t\t<svg xmlns=\"http:\/\/www.w3.org\/2000\/svg\" id=\"Ebene_1\" viewBox=\"0 0 246.6 255.6\"><defs><style>      .st0 {        fill: #e56e02;      }      .st1 {        fill: #f9b233;        opacity: .7;      }    <\/style><\/defs><path class=\"st0\" d=\"M159.8,116.7L28.1,7.1C18.7-.7,4.4,6,4.4,18.2v219.2c0,12.2,14.3,18.9,23.7,11.1l131.7-109.6c6.9-5.8,6.9-16.4,0-22.2Z\"><\/path><path class=\"st1\" d=\"M237,116.8L105.1,7c-9.4-7.8-23.6-1.1-23.6,11v219.5c0,12.2,14.2,18.8,23.6,11l131.9-109.8c6.9-5.7,6.9-16.4,0-22.1Z\"><\/path><\/svg>\t\t\t\t<\/span>\n\t\t\t<\/div>\n\t\t\t\n\t\t\t\t\t\t<div class=\"elementor-icon-box-content\">\n\n\t\t\t\t\t\t\t\t\t<p class=\"elementor-icon-box-title\">\n\t\t\t\t\t\t<span  >\n\t\t\t\t\t\t\tDu bist Lehrling in einem der teilnehmenden Lehrbetriebe im Bezirk Grieskirchen, Ried oder Eferding.\t\t\t\t\t\t<\/span>\n\t\t\t\t\t<\/p>\n\t\t\t\t\n\t\t\t\t\n\t\t\t<\/div>\n\t\t\t\n\t\t<\/div>\n\t\t\t\t\t\t<\/div>\n\t\t\t\t<\/div>\n\t\t\t\t<div class=\"elementor-element elementor-element-365fd7d elementor-widget elementor-widget-text-editor\" data-id=\"365fd7d\" data-element_type=\"widget\" data-widget_type=\"text-editor.default\">\n\t\t\t\t<div class=\"elementor-widget-container\">\n\t\t\t\t\t\t\t\t\t<p>Sollte dein Lehrbetrieb noch nicht bei der Initiative \u201emove up\u201c dabei sein, mache ihn gerne darauf aufmerksam! Mit einer Nachricht an: <a href=\"mailto:freizeit@wkooe.at\">freizeit{@}wkooe.at<\/a> k\u00f6nnen interessierte Lehrbetriebe sich dazu anmelden.<\/p>\t\t\t\t\t\t\t\t<\/div>\n\t\t\t\t<\/div>\n\t\t\t\t<div class=\"elementor-element elementor-element-51be933 elementor-position-left elementor-mobile-position-left elementor-view-default elementor-widget elementor-widget-icon-box\" data-id=\"51be933\" data-element_type=\"widget\" data-widget_type=\"icon-box.default\">\n\t\t\t\t<div class=\"elementor-widget-container\">\n\t\t\t\t\t\t\t<div class=\"elementor-icon-box-wrapper\">\n\n\t\t\t\t\t\t<div class=\"elementor-icon-box-icon\">\n\t\t\t\t<span  class=\"elementor-icon\">\n\t\t\t\t<svg xmlns=\"http:\/\/www.w3.org\/2000\/svg\" id=\"Ebene_1\" viewBox=\"0 0 246.6 255.6\"><defs><style>      .st0 {        fill: #e56e02;      }      .st1 {        fill: #f9b233;        opacity: .7;      }    <\/style><\/defs><path class=\"st0\" d=\"M159.8,116.7L28.1,7.1C18.7-.7,4.4,6,4.4,18.2v219.2c0,12.2,14.3,18.9,23.7,11.1l131.7-109.6c6.9-5.8,6.9-16.4,0-22.2Z\"><\/path><path class=\"st1\" d=\"M237,116.8L105.1,7c-9.4-7.8-23.6-1.1-23.6,11v219.5c0,12.2,14.2,18.8,23.6,11l131.9-109.8c6.9-5.7,6.9-16.4,0-22.1Z\"><\/path><\/svg>\t\t\t\t<\/span>\n\t\t\t<\/div>\n\t\t\t\n\t\t\t\t\t\t<div class=\"elementor-icon-box-content\">\n\n\t\t\t\t\t\t\t\t\t<p class=\"elementor-icon-box-title\">\n\t\t\t\t\t\t<span  >\n\t\t\t\t\t\t\tVon deinem Lehrbetrieb bekommst du einen move up Gutschein in der H\u00f6he von \u20ac 50, auf dem du deinen Namen eintr\u00e4gst.\t\t\t\t\t\t<\/span>\n\t\t\t\t\t<\/p>\n\t\t\t\t\n\t\t\t\t\n\t\t\t<\/div>\n\t\t\t\n\t\t<\/div>\n\t\t\t\t\t\t<\/div>\n\t\t\t\t<\/div>\n\t\t\t\t<div class=\"elementor-element elementor-element-2288fb9 elementor-widget elementor-widget-text-editor\" data-id=\"2288fb9\" data-element_type=\"widget\" data-widget_type=\"text-editor.default\">\n\t\t\t\t<div class=\"elementor-widget-container\">\n\t\t\t\t\t\t\t\t\t<p>Die Lehrbetriebe k\u00f6nnen die move up Gutscheine bei der Fachgruppe per Mail an <a href=\"mailto:freizeit@wkooe.at\">freizeit{@}wkooe.at<\/a> anfragen und bekommen diese f\u00fcr ihre Lehrlinge zugesendet.<\/p>\t\t\t\t\t\t\t\t<\/div>\n\t\t\t\t<\/div>\n\t\t\t\t<div class=\"elementor-element elementor-element-05bcf49 elementor-widget elementor-widget-image\" data-id=\"05bcf49\" data-element_type=\"widget\" data-widget_type=\"image.default\">\n\t\t\t\t<div class=\"elementor-widget-container\">\n\t\t\t\t\t\t\t\t\t\t\t\t<figure class=\"wp-caption\">\n\t\t\t\t\t\t\t\t\t\t<img decoding=\"async\" width=\"800\" height=\"377\" src=\"https:\/\/www.moveup-ooe.at\/wp-content\/uploads\/2024\/12\/WKO_Gutschein_210x99mm_ENTWURF-Kopie-1024x483.webp\" class=\"attachment-large size-large wp-image-911\" alt=\"\" srcset=\"https:\/\/www.moveup-ooe.at\/wp-content\/uploads\/2024\/12\/WKO_Gutschein_210x99mm_ENTWURF-Kopie-1024x483.webp 1024w, https:\/\/www.moveup-ooe.at\/wp-content\/uploads\/2024\/12\/WKO_Gutschein_210x99mm_ENTWURF-Kopie-300x141.webp 300w, https:\/\/www.moveup-ooe.at\/wp-content\/uploads\/2024\/12\/WKO_Gutschein_210x99mm_ENTWURF-Kopie-768x362.webp 768w, https:\/\/www.moveup-ooe.at\/wp-content\/uploads\/2024\/12\/WKO_Gutschein_210x99mm_ENTWURF-Kopie-1536x724.webp 1536w, https:\/\/www.moveup-ooe.at\/wp-content\/uploads\/2024\/12\/WKO_Gutschein_210x99mm_ENTWURF-Kopie-2048x965.webp 2048w\" sizes=\"(max-width: 800px) 100vw, 800px\" \/>\t\t\t\t\t\t\t\t\t\t\t<figcaption class=\"widget-image-caption wp-caption-text\">Vorschau Gutschein<\/figcaption>\n\t\t\t\t\t\t\t\t\t\t<\/figure>\n\t\t\t\t\t\t\t\t\t<\/div>\n\t\t\t\t<\/div>\n\t\t\t\t<div class=\"elementor-element elementor-element-2fd02b6 elementor-position-left elementor-mobile-position-left elementor-view-default elementor-widget elementor-widget-icon-box\" data-id=\"2fd02b6\" data-element_type=\"widget\" data-widget_type=\"icon-box.default\">\n\t\t\t\t<div class=\"elementor-widget-container\">\n\t\t\t\t\t\t\t<div class=\"elementor-icon-box-wrapper\">\n\n\t\t\t\t\t\t<div class=\"elementor-icon-box-icon\">\n\t\t\t\t<a href=\"http:\/\/www.moveup-ooe.at\/studios\/\" class=\"elementor-icon\" tabindex=\"-1\" aria-label=\"Mit deinem Gutschein kannst du jetzt zu einem der teilnehmenden Fitnessbetriebe gehen und mit dem move up Tarif zu verg\u00fcnstigten Konditionen trainieren!\">\n\t\t\t\t<svg xmlns=\"http:\/\/www.w3.org\/2000\/svg\" id=\"Ebene_1\" viewBox=\"0 0 246.6 255.6\"><defs><style>      .st0 {        fill: #e56e02;      }      .st1 {        fill: #f9b233;        opacity: .7;      }    <\/style><\/defs><path class=\"st0\" d=\"M159.8,116.7L28.1,7.1C18.7-.7,4.4,6,4.4,18.2v219.2c0,12.2,14.3,18.9,23.7,11.1l131.7-109.6c6.9-5.8,6.9-16.4,0-22.2Z\"><\/path><path class=\"st1\" d=\"M237,116.8L105.1,7c-9.4-7.8-23.6-1.1-23.6,11v219.5c0,12.2,14.2,18.8,23.6,11l131.9-109.8c6.9-5.7,6.9-16.4,0-22.1Z\"><\/path><\/svg>\t\t\t\t<\/a>\n\t\t\t<\/div>\n\t\t\t\n\t\t\t\t\t\t<div class=\"elementor-icon-box-content\">\n\n\t\t\t\t\t\t\t\t\t<p class=\"elementor-icon-box-title\">\n\t\t\t\t\t\t<a href=\"http:\/\/www.moveup-ooe.at\/studios\/\" >\n\t\t\t\t\t\t\tMit deinem Gutschein kannst du jetzt zu einem der teilnehmenden Fitnessbetriebe gehen und mit dem move up Tarif zu verg\u00fcnstigten Konditionen trainieren!\t\t\t\t\t\t<\/a>\n\t\t\t\t\t<\/p>\n\t\t\t\t\n\t\t\t\t\n\t\t\t<\/div>\n\t\t\t\n\t\t<\/div>\n\t\t\t\t\t\t<\/div>\n\t\t\t\t<\/div>\n\t\t\t\t<div class=\"elementor-element elementor-element-0806c04 elementor-widget elementor-widget-text-editor\" data-id=\"0806c04\" data-element_type=\"widget\" data-widget_type=\"text-editor.default\">\n\t\t\t\t<div class=\"elementor-widget-container\">\n\t\t\t\t\t\t\t\t\t<p>First come &#8211; first serve: F\u00fcr die Initiative steht ein Budget zur Unterst\u00fctzung von 500 Lehrlingen zu Verf\u00fcgung. Wenn du also Teil dieser Initiative werden m\u00f6chtest, solltest du dich schnell bei deinem gew\u00fcnschten Fitnessbetrieb anmelden.<\/p>\t\t\t\t\t\t\t\t<\/div>\n\t\t\t\t<\/div>\n\t\t\t\t<div class=\"elementor-element elementor-element-1508bae elementor-widget elementor-widget-text-editor\" data-id=\"1508bae\" data-element_type=\"widget\" data-widget_type=\"text-editor.default\">\n\t\t\t\t<div class=\"elementor-widget-container\">\n\t\t\t\t\t\t\t\t\t<p>Alle teilnehmenden Fitnessstudios in den Bezirken Ried, Grieskirchen und Eferding findest du unter: <span style=\"text-decoration: underline;\"><a href=\"http:\/\/www.moveup-ooe.at\/studios\/\">STUDIOS<\/a><\/span><\/p>\t\t\t\t\t\t\t\t<\/div>\n\t\t\t\t<\/div>\n\t\t\t\t<div class=\"elementor-element elementor-element-5c1eb6e elementor-position-left elementor-mobile-position-left elementor-view-default elementor-widget elementor-widget-icon-box\" data-id=\"5c1eb6e\" data-element_type=\"widget\" data-widget_type=\"icon-box.default\">\n\t\t\t\t<div class=\"elementor-widget-container\">\n\t\t\t\t\t\t\t<div class=\"elementor-icon-box-wrapper\">\n\n\t\t\t\t\t\t<div class=\"elementor-icon-box-icon\">\n\t\t\t\t<span  class=\"elementor-icon\">\n\t\t\t\t<svg xmlns=\"http:\/\/www.w3.org\/2000\/svg\" id=\"Ebene_1\" viewBox=\"0 0 246.6 255.6\"><defs><style>      .st0 {        fill: #e56e02;      }      .st1 {        fill: #f9b233;        opacity: .7;      }    <\/style><\/defs><path class=\"st0\" d=\"M159.8,116.7L28.1,7.1C18.7-.7,4.4,6,4.4,18.2v219.2c0,12.2,14.3,18.9,23.7,11.1l131.7-109.6c6.9-5.8,6.9-16.4,0-22.2Z\"><\/path><path class=\"st1\" d=\"M237,116.8L105.1,7c-9.4-7.8-23.6-1.1-23.6,11v219.5c0,12.2,14.2,18.8,23.6,11l131.9-109.8c6.9-5.7,6.9-16.4,0-22.1Z\"><\/path><\/svg>\t\t\t\t<\/span>\n\t\t\t<\/div>\n\t\t\t\n\t\t\t\t\t\t<div class=\"elementor-icon-box-content\">\n\n\t\t\t\t\t\t\t\t\t<p class=\"elementor-icon-box-title\">\n\t\t\t\t\t\t<span  >\n\t\t\t\t\t\t\tRechtsinformation\t\t\t\t\t\t<\/span>\n\t\t\t\t\t<\/p>\n\t\t\t\t\n\t\t\t\t\t\t\t\t\t<p class=\"elementor-icon-box-description\">\n\t\t\t\t\t\tDie Initiative move up erm\u00f6glicht Lehrlingen besondere Verg\u00fcnstigungen beim Vertragsabschluss mit einem der teilnehmenden Fitnessstudios. Bei Lehrlingen unter 18 Jahren, die noch nicht voll gesch\u00e4ftsf\u00e4hig sind, ist f\u00fcr den Abschluss des Vertrages mit dem Fitnessstudio die Zustimmung und Unterschrift des gesetzlichen Vertreters erforderlich.\t\t\t\t\t<\/p>\n\t\t\t\t\n\t\t\t<\/div>\n\t\t\t\n\t\t<\/div>\n\t\t\t\t\t\t<\/div>\n\t\t\t\t<\/div>\n\t\t\t\t<div class=\"elementor-element elementor-element-777c55a elementor-widget elementor-widget-image\" data-id=\"777c55a\" data-element_type=\"widget\" data-widget_type=\"image.default\">\n\t\t\t\t<div class=\"elementor-widget-container\">\n\t\t\t\t\t\t\t\t\t\t\t\t\t\t\t<img decoding=\"async\" width=\"800\" height=\"302\" src=\"https:\/\/www.moveup-ooe.at\/wp-content\/uploads\/2024\/12\/sportmatte_sporthantel-scaled-e1733831723471-1024x386.webp\" class=\"attachment-large size-large wp-image-334\" alt=\"\" srcset=\"https:\/\/www.moveup-ooe.at\/wp-content\/uploads\/2024\/12\/sportmatte_sporthantel-scaled-e1733831723471-1024x386.webp 1024w, https:\/\/www.moveup-ooe.at\/wp-content\/uploads\/2024\/12\/sportmatte_sporthantel-scaled-e1733831723471-300x113.webp 300w, https:\/\/www.moveup-ooe.at\/wp-content\/uploads\/2024\/12\/sportmatte_sporthantel-scaled-e1733831723471-768x289.webp 768w, https:\/\/www.moveup-ooe.at\/wp-content\/uploads\/2024\/12\/sportmatte_sporthantel-scaled-e1733831723471-1536x578.webp 1536w, https:\/\/www.moveup-ooe.at\/wp-content\/uploads\/2024\/12\/sportmatte_sporthantel-scaled-e1733831723471-2048x771.webp 2048w\" sizes=\"(max-width: 800px) 100vw, 800px\" \/>\t\t\t\t\t\t\t\t\t\t\t\t\t\t\t<\/div>\n\t\t\t\t<\/div>\n\t\t\t\t\t<\/div>\n\t\t\t\t<\/div>\n\t\t\t\t<\/div>\n\t\t","protected":false},"excerpt":{"rendered":"<p>Anmeldung Ein gesunder K\u00f6rper ist die Grundlage f\u00fcr Erfolg \u2013 sowohl im Berufsleben als auch im Privatleben. Mach mit und werde Teil der Initiative \u2013 f\u00fcr eine erfolgreiche berufliche Zukunft! In eine gesunde &amp; Fitte Zukunft starten Dein Weg zu mehr Fitness und Gesundheit! Durch die Teilnahme an der Initiative \u201emove up\u201c kannst du nicht [&hellip;]<\/p>\n","protected":false},"author":1,"featured_media":0,"parent":0,"menu_order":0,"comment_status":"closed","ping_status":"closed","template":"","meta":{"footnotes":""},"class_list":["post-18","page","type-page","status-publish","hentry"],"_links":{"self":[{"href":"https:\/\/www.moveup-ooe.at\/index.php?rest_route=\/wp\/v2\/pages\/18","targetHints":{"allow":["GET"]}}],"collection":[{"href":"https:\/\/www.moveup-ooe.at\/index.php?rest_route=\/wp\/v2\/pages"}],"about":[{"href":"https:\/\/www.moveup-ooe.at\/index.php?rest_route=\/wp\/v2\/types\/page"}],"author":[{"embeddable":true,"href":"https:\/\/www.moveup-ooe.at\/index.php?rest_route=\/wp\/v2\/users\/1"}],"replies":[{"embeddable":true,"href":"https:\/\/www.moveup-ooe.at\/index.php?rest_route=%2Fwp%2Fv2%2Fcomments&post=18"}],"version-history":[{"count":0,"href":"https:\/\/www.moveup-ooe.at\/index.php?rest_route=\/wp\/v2\/pages\/18\/revisions"}],"wp:attachment":[{"href":"https:\/\/www.moveup-ooe.at\/index.php?rest_route=%2Fwp%2Fv2%2Fmedia&parent=18"}],"curies":[{"name":"wp","href":"https:\/\/api.w.org\/{rel}","templated":true}]}}