{"id":695,"date":"2024-12-12T12:59:32","date_gmt":"2024-12-12T12:59:32","guid":{"rendered":"https:\/\/youthful-moser.148-251-14-110.plesk.page\/?page_id=695"},"modified":"2025-09-30T07:45:29","modified_gmt":"2025-09-30T07:45:29","slug":"tipps","status":"publish","type":"page","link":"https:\/\/www.moveup-ooe.at\/?page_id=695","title":{"rendered":"Tipps"},"content":{"rendered":"\t\t<div data-elementor-type=\"wp-page\" data-elementor-id=\"695\" class=\"elementor elementor-695\" data-elementor-post-type=\"page\">\n\t\t\t\t<div class=\"elementor-element elementor-element-3a67f79 elementor-hidden-mobile e-flex e-con-boxed e-con e-parent\" data-id=\"3a67f79\" data-element_type=\"container\">\n\t\t\t\t\t<div class=\"e-con-inner\">\n\t\t\t\t<div class=\"elementor-element elementor-element-d91971f elementor-widget__width-initial elementor-widget elementor-widget-image\" data-id=\"d91971f\" data-element_type=\"widget\" data-widget_type=\"image.default\">\n\t\t\t\t<div class=\"elementor-widget-container\">\n\t\t\t\t\t\t\t\t\t\t\t\t\t\t\t<img fetchpriority=\"high\" decoding=\"async\" width=\"800\" height=\"829\" src=\"https:\/\/www.moveup-ooe.at\/wp-content\/uploads\/2024\/12\/Pfeil_Header-1-988x1024.webp\" class=\"attachment-large size-large wp-image-406\" alt=\"\" srcset=\"https:\/\/www.moveup-ooe.at\/wp-content\/uploads\/2024\/12\/Pfeil_Header-1-988x1024.webp 988w, https:\/\/www.moveup-ooe.at\/wp-content\/uploads\/2024\/12\/Pfeil_Header-1-289x300.webp 289w, https:\/\/www.moveup-ooe.at\/wp-content\/uploads\/2024\/12\/Pfeil_Header-1-768x796.webp 768w, https:\/\/www.moveup-ooe.at\/wp-content\/uploads\/2024\/12\/Pfeil_Header-1.webp 1029w\" sizes=\"(max-width: 800px) 100vw, 800px\" \/>\t\t\t\t\t\t\t\t\t\t\t\t\t\t\t<\/div>\n\t\t\t\t<\/div>\n\t\t\t\t\t<\/div>\n\t\t\t\t<\/div>\n\t\t<div class=\"elementor-element elementor-element-a943bae e-flex e-con-boxed e-con e-parent\" data-id=\"a943bae\" data-element_type=\"container\" data-settings=\"{&quot;background_background&quot;:&quot;classic&quot;}\">\n\t\t\t\t\t<div class=\"e-con-inner\">\n\t\t\t\t<div class=\"elementor-element elementor-element-9401b22 elementor-widget elementor-widget-heading\" data-id=\"9401b22\" data-element_type=\"widget\" data-widget_type=\"heading.default\">\n\t\t\t\t<div class=\"elementor-widget-container\">\n\t\t\t\t\t<h2 class=\"elementor-heading-title elementor-size-default\">N\u00fctzliche Tipps f\u00fcr die Gesundheit<\/h2>\t\t\t\t<\/div>\n\t\t\t\t<\/div>\n\t\t\t\t<div class=\"elementor-element elementor-element-993c05d elementor-widget elementor-widget-text-editor\" data-id=\"993c05d\" data-element_type=\"widget\" data-widget_type=\"text-editor.default\">\n\t\t\t\t<div class=\"elementor-widget-container\">\n\t\t\t\t\t\t\t\t\t<p>Wertvolle Tipps und praktische Ratschl\u00e4ge zu Bewegung und gesunder Ern\u00e4hrung im Alltag helfen die Fitness zu steigern, die Gesundheit zu f\u00f6rdern und mit mehr Energie und Lebensqualit\u00e4t durch den Berufsalltag zu gehen.<\/p>\t\t\t\t\t\t\t\t<\/div>\n\t\t\t\t<\/div>\n\t\t\t\t\t<\/div>\n\t\t\t\t<\/div>\n\t\t<div class=\"elementor-element elementor-element-a2606d8 e-flex e-con-boxed e-con e-parent\" data-id=\"a2606d8\" data-element_type=\"container\">\n\t\t\t\t\t<div class=\"e-con-inner\">\n\t\t\t\t<div class=\"elementor-element elementor-element-ca502e5 elementor-widget elementor-widget-heading\" data-id=\"ca502e5\" data-element_type=\"widget\" data-widget_type=\"heading.default\">\n\t\t\t\t<div class=\"elementor-widget-container\">\n\t\t\t\t\t<h3 class=\"elementor-heading-title elementor-size-default\">Mehr Gesundheit und Wohlbefinden am Arbeitsplatz<\/h3>\t\t\t\t<\/div>\n\t\t\t\t<\/div>\n\t\t\t\t<div class=\"elementor-element elementor-element-3dc1f82 elementor-position-left elementor-mobile-position-left elementor-view-default elementor-widget elementor-widget-icon-box\" data-id=\"3dc1f82\" data-element_type=\"widget\" data-widget_type=\"icon-box.default\">\n\t\t\t\t<div class=\"elementor-widget-container\">\n\t\t\t\t\t\t\t<div class=\"elementor-icon-box-wrapper\">\n\n\t\t\t\t\t\t<div class=\"elementor-icon-box-icon\">\n\t\t\t\t<span  class=\"elementor-icon\">\n\t\t\t\t<svg xmlns=\"http:\/\/www.w3.org\/2000\/svg\" id=\"Ebene_1\" viewBox=\"0 0 246.6 255.6\"><defs><style>      .st0 {        fill: #e56e02;      }      .st1 {        fill: #f9b233;        opacity: .7;      }    <\/style><\/defs><path class=\"st0\" d=\"M159.8,116.7L28.1,7.1C18.7-.7,4.4,6,4.4,18.2v219.2c0,12.2,14.3,18.9,23.7,11.1l131.7-109.6c6.9-5.8,6.9-16.4,0-22.2Z\"><\/path><path class=\"st1\" d=\"M237,116.8L105.1,7c-9.4-7.8-23.6-1.1-23.6,11v219.5c0,12.2,14.2,18.8,23.6,11l131.9-109.8c6.9-5.7,6.9-16.4,0-22.1Z\"><\/path><\/svg>\t\t\t\t<\/span>\n\t\t\t<\/div>\n\t\t\t\n\t\t\t\t\t\t<div class=\"elementor-icon-box-content\">\n\n\t\t\t\t\t\t\t\t\t<p class=\"elementor-icon-box-title\">\n\t\t\t\t\t\t<span  >\n\t\t\t\t\t\t\tAusgewogene Ern\u00e4hrung ist ein Schl\u00fcssel zu Gesundheit und Wohlbefinden. Die ober\u00f6sterreichischen Ern\u00e4hrungsberaterInnen begleiten dabei.\t\t\t\t\t\t<\/span>\n\t\t\t\t\t<\/p>\n\t\t\t\t\n\t\t\t\t\n\t\t\t<\/div>\n\t\t\t\n\t\t<\/div>\n\t\t\t\t\t\t<\/div>\n\t\t\t\t<\/div>\n\t\t\t\t<div class=\"elementor-element elementor-element-71abfa0 elementor-widget elementor-widget-text-editor\" data-id=\"71abfa0\" data-element_type=\"widget\" data-widget_type=\"text-editor.default\">\n\t\t\t\t<div class=\"elementor-widget-container\">\n\t\t\t\t\t\t\t\t\t<p><a href=\"https:\/\/www.lebensberater.at\/media\/134\"><span style=\"text-decoration: underline;\">Infobrosch\u00fcre Ern\u00e4hrungsberatung<\/span><\/a><\/p><p><a href=\"https:\/\/firmen.wko.at\/-\/ober%c3%b6sterreich\/?branche=50110&amp;branchenname=lebens-+und+sozialberatung+%28ern%c3%a4hrungsberatung%29&amp;firma=\"><span style=\"text-decoration: underline;\">Die ober\u00f6sterreichischen Ern\u00e4hrungsberaterInnen &#8211; WKO Firmen A-Z<\/span><\/a><\/p><p><span style=\"text-decoration: underline;\"><a href=\"http:\/\/Rezepte_MealPrep_Mahlzeitenvorbereitung_move up_Sept2025\" target=\"_blank\" rel=\"noopener\">Rezepte_MealPrep_Mahlzeitenvorbereitung_move up_Sept2025.pdf<\/a><\/span><\/p>\t\t\t\t\t\t\t\t<\/div>\n\t\t\t\t<\/div>\n\t\t<div class=\"elementor-element elementor-element-61c4da6 e-grid e-con-full e-con e-child\" data-id=\"61c4da6\" data-element_type=\"container\">\n\t\t\t\t<div class=\"elementor-element elementor-element-c56487c elementor-widget elementor-widget-video\" data-id=\"c56487c\" data-element_type=\"widget\" data-settings=\"{&quot;youtube_url&quot;:&quot;https:\\\/\\\/youtu.be\\\/PHjU60n4yRw&quot;,&quot;video_type&quot;:&quot;youtube&quot;,&quot;controls&quot;:&quot;yes&quot;}\" data-widget_type=\"video.default\">\n\t\t\t\t<div class=\"elementor-widget-container\">\n\t\t\t\t\t\t\t<div class=\"elementor-wrapper elementor-open-inline\">\n\t\t\t<div class=\"elementor-video\"><\/div>\t\t<\/div>\n\t\t\t\t\t\t<\/div>\n\t\t\t\t<\/div>\n\t\t\t\t<div class=\"elementor-element elementor-element-4b05b36 elementor-widget elementor-widget-video\" data-id=\"4b05b36\" data-element_type=\"widget\" data-settings=\"{&quot;youtube_url&quot;:&quot;https:\\\/\\\/youtu.be\\\/fFeiYm9aQ2w&quot;,&quot;video_type&quot;:&quot;youtube&quot;,&quot;controls&quot;:&quot;yes&quot;}\" data-widget_type=\"video.default\">\n\t\t\t\t<div class=\"elementor-widget-container\">\n\t\t\t\t\t\t\t<div class=\"elementor-wrapper elementor-open-inline\">\n\t\t\t<div class=\"elementor-video\"><\/div>\t\t<\/div>\n\t\t\t\t\t\t<\/div>\n\t\t\t\t<\/div>\n\t\t\t\t<div class=\"elementor-element elementor-element-94b2a80 elementor-widget elementor-widget-video\" data-id=\"94b2a80\" data-element_type=\"widget\" data-settings=\"{&quot;youtube_url&quot;:&quot;https:\\\/\\\/youtu.be\\\/Dhjp_P57BxQ&quot;,&quot;video_type&quot;:&quot;youtube&quot;,&quot;controls&quot;:&quot;yes&quot;}\" data-widget_type=\"video.default\">\n\t\t\t\t<div class=\"elementor-widget-container\">\n\t\t\t\t\t\t\t<div class=\"elementor-wrapper elementor-open-inline\">\n\t\t\t<div class=\"elementor-video\"><\/div>\t\t<\/div>\n\t\t\t\t\t\t<\/div>\n\t\t\t\t<\/div>\n\t\t\t\t<div class=\"elementor-element elementor-element-0b921a7 elementor-widget elementor-widget-video\" data-id=\"0b921a7\" data-element_type=\"widget\" data-settings=\"{&quot;youtube_url&quot;:&quot;https:\\\/\\\/www.youtube.com\\\/watch?v=EPcrut60cAM&amp;feature=youtu.be&quot;,&quot;video_type&quot;:&quot;youtube&quot;,&quot;controls&quot;:&quot;yes&quot;}\" data-widget_type=\"video.default\">\n\t\t\t\t<div class=\"elementor-widget-container\">\n\t\t\t\t\t\t\t<div class=\"elementor-wrapper elementor-open-inline\">\n\t\t\t<div class=\"elementor-video\"><\/div>\t\t<\/div>\n\t\t\t\t\t\t<\/div>\n\t\t\t\t<\/div>\n\t\t\t\t<\/div>\n\t\t\t\t<div class=\"elementor-element elementor-element-1c230df elementor-position-left elementor-mobile-position-left elementor-view-default elementor-widget elementor-widget-icon-box\" data-id=\"1c230df\" data-element_type=\"widget\" data-widget_type=\"icon-box.default\">\n\t\t\t\t<div class=\"elementor-widget-container\">\n\t\t\t\t\t\t\t<div class=\"elementor-icon-box-wrapper\">\n\n\t\t\t\t\t\t<div class=\"elementor-icon-box-icon\">\n\t\t\t\t<span  class=\"elementor-icon\">\n\t\t\t\t<svg xmlns=\"http:\/\/www.w3.org\/2000\/svg\" id=\"Ebene_1\" viewBox=\"0 0 246.6 255.6\"><defs><style>      .st0 {        fill: #e56e02;      }      .st1 {        fill: #f9b233;        opacity: .7;      }    <\/style><\/defs><path class=\"st0\" d=\"M159.8,116.7L28.1,7.1C18.7-.7,4.4,6,4.4,18.2v219.2c0,12.2,14.3,18.9,23.7,11.1l131.7-109.6c6.9-5.8,6.9-16.4,0-22.2Z\"><\/path><path class=\"st1\" d=\"M237,116.8L105.1,7c-9.4-7.8-23.6-1.1-23.6,11v219.5c0,12.2,14.2,18.8,23.6,11l131.9-109.8c6.9-5.7,6.9-16.4,0-22.1Z\"><\/path><\/svg>\t\t\t\t<\/span>\n\t\t\t<\/div>\n\t\t\t\n\t\t\t\t\t\t<div class=\"elementor-icon-box-content\">\n\n\t\t\t\t\t\t\t\t\t<p class=\"elementor-icon-box-title\">\n\t\t\t\t\t\t<span  >\n\t\t\t\t\t\t\tGesundheitsprojekte in Betrieben werden durch die \u00d6GK besonders unterst\u00fctzt.\t\t\t\t\t\t<\/span>\n\t\t\t\t\t<\/p>\n\t\t\t\t\n\t\t\t\t\n\t\t\t<\/div>\n\t\t\t\n\t\t<\/div>\n\t\t\t\t\t\t<\/div>\n\t\t\t\t<\/div>\n\t\t\t\t<div class=\"elementor-element elementor-element-3c9e4f5 elementor-widget elementor-widget-text-editor\" data-id=\"3c9e4f5\" data-element_type=\"widget\" data-widget_type=\"text-editor.default\">\n\t\t\t\t<div class=\"elementor-widget-container\">\n\t\t\t\t\t\t\t\t\t<p>Weitere Informationen dazu finden Sie unter:<\/p><p><a href=\"https:\/\/www.gesundheitskasse.at\/cdscontent\/?contentid=10007.821056\"><span style=\"text-decoration: underline;\">Betriebliche Gesundheitsf\u00f6rderung &#8211; \u00d6GK<\/span><\/a><\/p><p><a href=\"https:\/\/www.netzwerk-bgf.at\/cdscontent\/?contentid=10007.888708&amp;portal=nbgfportal\"><span style=\"text-decoration: underline;\">\u00d6sterreichisches Netzwerk f\u00fcr BGF<\/span><\/a><\/p>\t\t\t\t\t\t\t\t<\/div>\n\t\t\t\t<\/div>\n\t\t\t\t<div class=\"elementor-element elementor-element-f2280e4 elementor-widget elementor-widget-spacer\" data-id=\"f2280e4\" data-element_type=\"widget\" data-widget_type=\"spacer.default\">\n\t\t\t\t<div class=\"elementor-widget-container\">\n\t\t\t\t\t\t\t<div class=\"elementor-spacer\">\n\t\t\t<div class=\"elementor-spacer-inner\"><\/div>\n\t\t<\/div>\n\t\t\t\t\t\t<\/div>\n\t\t\t\t<\/div>\n\t\t\t\t<div class=\"elementor-element elementor-element-3ac5ae2 elementor-widget elementor-widget-heading\" data-id=\"3ac5ae2\" data-element_type=\"widget\" data-widget_type=\"heading.default\">\n\t\t\t\t<div class=\"elementor-widget-container\">\n\t\t\t\t\t<h3 class=\"elementor-heading-title elementor-size-default\">Ansprechpartner f\u00fcr die Lehrbetriebe<\/h3>\t\t\t\t<\/div>\n\t\t\t\t<\/div>\n\t\t\t\t<div class=\"elementor-element elementor-element-9ee29bf elementor-position-left elementor-mobile-position-left elementor-view-default elementor-widget elementor-widget-icon-box\" data-id=\"9ee29bf\" data-element_type=\"widget\" data-widget_type=\"icon-box.default\">\n\t\t\t\t<div class=\"elementor-widget-container\">\n\t\t\t\t\t\t\t<div class=\"elementor-icon-box-wrapper\">\n\n\t\t\t\t\t\t<div class=\"elementor-icon-box-icon\">\n\t\t\t\t<span  class=\"elementor-icon\">\n\t\t\t\t<svg xmlns=\"http:\/\/www.w3.org\/2000\/svg\" id=\"Ebene_1\" viewBox=\"0 0 246.6 255.6\"><defs><style>      .st0 {        fill: #e56e02;      }      .st1 {        fill: #f9b233;        opacity: .7;      }    <\/style><\/defs><path class=\"st0\" d=\"M159.8,116.7L28.1,7.1C18.7-.7,4.4,6,4.4,18.2v219.2c0,12.2,14.3,18.9,23.7,11.1l131.7-109.6c6.9-5.8,6.9-16.4,0-22.2Z\"><\/path><path class=\"st1\" d=\"M237,116.8L105.1,7c-9.4-7.8-23.6-1.1-23.6,11v219.5c0,12.2,14.2,18.8,23.6,11l131.9-109.8c6.9-5.7,6.9-16.4,0-22.1Z\"><\/path><\/svg>\t\t\t\t<\/span>\n\t\t\t<\/div>\n\t\t\t\n\t\t\t\t\t\t<div class=\"elementor-icon-box-content\">\n\n\t\t\t\t\t\t\t\t\t<p class=\"elementor-icon-box-title\">\n\t\t\t\t\t\t<span  >\n\t\t\t\t\t\t\tDie Bezirksstellen der WKO\u00d6 sind wichtige Anlaufstellen f\u00fcr alle Lehrbetriebe in der Pilotregion.\t\t\t\t\t\t<\/span>\n\t\t\t\t\t<\/p>\n\t\t\t\t\n\t\t\t\t\n\t\t\t<\/div>\n\t\t\t\n\t\t<\/div>\n\t\t\t\t\t\t<\/div>\n\t\t\t\t<\/div>\n\t\t\t\t<div class=\"elementor-element elementor-element-d5bec31 elementor-widget elementor-widget-text-editor\" data-id=\"d5bec31\" data-element_type=\"widget\" data-widget_type=\"text-editor.default\">\n\t\t\t\t<div class=\"elementor-widget-container\">\n\t\t\t\t\t\t\t\t\t<p>Zum Thema Lehrlingsausbildung bieten die Bezirksstellen umfassende Unterst\u00fctzung und Beratung. Unter anderem organisieren sie auch verschiedene Veranstaltungen, wie Berufserlebnistage, Karrieretage oder Lehrlingsgipfel und f\u00f6rdern damit den Austausch zwischen Lehrbetrieben, Lehrlingen und Schulen.<\/p><p><a href=\"https:\/\/www.wko.at\/ooe\/bezirksstellen\/ried-im-innkreis\" target=\"_blank\" rel=\"noopener\"><span style=\"text-decoration: underline;\">Zur WKO Ried im Innkreis<\/span><\/a><\/p><p><a href=\"https:\/\/www.wko.at\/ooe\/bezirksstellen\/grieskirchen\" target=\"_blank\" rel=\"noopener\"><span style=\"text-decoration: underline;\">Zur WKO Grieskirchen<\/span><\/a><\/p><p><a href=\"https:\/\/www.wko.at\/ooe\/bezirksstellen\/eferding\" target=\"_blank\" rel=\"noopener\"><span style=\"text-decoration: underline;\">Zur WKO Eferding<\/span><\/a><\/p>\t\t\t\t\t\t\t\t<\/div>\n\t\t\t\t<\/div>\n\t\t\t\t\t<\/div>\n\t\t\t\t<\/div>\n\t\t<div class=\"elementor-element elementor-element-1996ee2 e-flex e-con-boxed e-con e-parent\" data-id=\"1996ee2\" data-element_type=\"container\">\n\t\t\t\t\t<div class=\"e-con-inner\">\n\t\t\t\t<div class=\"elementor-element elementor-element-f7a757f elementor-widget-divider--view-line elementor-widget elementor-widget-divider\" data-id=\"f7a757f\" data-element_type=\"widget\" data-widget_type=\"divider.default\">\n\t\t\t\t<div class=\"elementor-widget-container\">\n\t\t\t\t\t\t\t<div class=\"elementor-divider\">\n\t\t\t<span class=\"elementor-divider-separator\">\n\t\t\t\t\t\t<\/span>\n\t\t<\/div>\n\t\t\t\t\t\t<\/div>\n\t\t\t\t<\/div>\n\t\t\t\t\t<\/div>\n\t\t\t\t<\/div>\n\t\t<div class=\"elementor-element elementor-element-6a9e718 e-flex e-con-boxed e-con e-parent\" data-id=\"6a9e718\" data-element_type=\"container\">\n\t\t\t\t\t<div class=\"e-con-inner\">\n\t\t<div class=\"elementor-element elementor-element-7316159 e-con-full e-flex e-con e-child\" data-id=\"7316159\" data-element_type=\"container\">\n\t\t\t\t<div class=\"elementor-element elementor-element-4c6a44d elementor-widget elementor-widget-text-editor\" data-id=\"4c6a44d\" data-element_type=\"widget\" data-widget_type=\"text-editor.default\">\n\t\t\t\t<div class=\"elementor-widget-container\">\n\t\t\t\t\t\t\t\t\t<p>Durch die Zusammenarbeit mit den ober\u00f6sterreichischen Fitnessstudios erhalten die Lehrlinge Zugang zu gesundheitsf\u00f6rdernden Angeboten, die sowohl das k\u00f6rperliche Wohlbefinden als auch die mentale St\u00e4rke unterst\u00fctzen. Eine gute mentale Gesundheit tr\u00e4gt nicht nur zu einer besseren Arbeitsqualit\u00e4t bei, sondern hat auch positive Auswirkungen auf das gesamte Betriebsklima. Wenn es den MitarbeiterInnen gut geht, sind sie motivierter, produktiver und weniger anf\u00e4llig f\u00fcr stressbedingte Ausf\u00e4lle.<\/p>\t\t\t\t\t\t\t\t<\/div>\n\t\t\t\t<\/div>\n\t\t<div class=\"elementor-element elementor-element-49a94c1 e-con-full e-flex e-con e-child\" data-id=\"49a94c1\" data-element_type=\"container\">\n\t\t\t\t<div class=\"elementor-element elementor-element-2a48b24 elementor-widget__width-initial elementor-widget-laptop__width-initial elementor-widget elementor-widget-image\" data-id=\"2a48b24\" data-element_type=\"widget\" data-widget_type=\"image.default\">\n\t\t\t\t<div class=\"elementor-widget-container\">\n\t\t\t\t\t\t\t\t\t\t\t\t\t\t\t<img decoding=\"async\" width=\"2480\" height=\"841\" src=\"https:\/\/www.moveup-ooe.at\/wp-content\/uploads\/2025\/02\/helpline_lehre_onepager_final_header.webp\" class=\"attachment-full size-full wp-image-1481\" alt=\"\" srcset=\"https:\/\/www.moveup-ooe.at\/wp-content\/uploads\/2025\/02\/helpline_lehre_onepager_final_header.webp 2480w, https:\/\/www.moveup-ooe.at\/wp-content\/uploads\/2025\/02\/helpline_lehre_onepager_final_header-300x102.webp 300w, https:\/\/www.moveup-ooe.at\/wp-content\/uploads\/2025\/02\/helpline_lehre_onepager_final_header-1024x347.webp 1024w, https:\/\/www.moveup-ooe.at\/wp-content\/uploads\/2025\/02\/helpline_lehre_onepager_final_header-768x260.webp 768w, https:\/\/www.moveup-ooe.at\/wp-content\/uploads\/2025\/02\/helpline_lehre_onepager_final_header-1536x521.webp 1536w, https:\/\/www.moveup-ooe.at\/wp-content\/uploads\/2025\/02\/helpline_lehre_onepager_final_header-2048x695.webp 2048w\" sizes=\"(max-width: 2480px) 100vw, 2480px\" \/>\t\t\t\t\t\t\t\t\t\t\t\t\t\t\t<\/div>\n\t\t\t\t<\/div>\n\t\t\t\t<div class=\"elementor-element elementor-element-1f9dfcf elementor-widget elementor-widget-text-editor\" data-id=\"1f9dfcf\" data-element_type=\"widget\" data-widget_type=\"text-editor.default\">\n\t\t\t\t<div class=\"elementor-widget-container\">\n\t\t\t\t\t\t\t\t\t<p>Die Initiative &#8222;helpline.lehre&#8220; der WKO\u00d6 und pro mente O\u00d6 ist ein kostenloses Unterstu\u0308tzungsangebot fu\u0308r junge Menschen mit Sorgen, \u00c4ngsten oder anderen seelischen Herausforderungen.<\/p><p><strong>N\u00e4here Infos dazu hier:<\/strong> <a href=\"http:\/\/www.moveup-ooe.at\/wp-content\/uploads\/2025\/02\/helpline_lehre_onepager_final_WEB.pdf\" target=\"_blank\" rel=\"noopener\"><span style=\"text-decoration: underline;\">helpline.lehre<\/span><\/a><\/p>\t\t\t\t\t\t\t\t<\/div>\n\t\t\t\t<\/div>\n\t\t\t\t<\/div>\n\t\t\t\t<\/div>\n\t\t\t\t\t<\/div>\n\t\t\t\t<\/div>\n\t\t\t\t<\/div>\n\t\t","protected":false},"excerpt":{"rendered":"<p>N\u00fctzliche Tipps f\u00fcr die Gesundheit Wertvolle Tipps und praktische Ratschl\u00e4ge zu Bewegung und gesunder Ern\u00e4hrung im Alltag helfen die Fitness zu steigern, die Gesundheit zu f\u00f6rdern und mit mehr Energie und Lebensqualit\u00e4t durch den Berufsalltag zu gehen. Mehr Gesundheit und Wohlbefinden am Arbeitsplatz Ausgewogene Ern\u00e4hrung ist ein Schl\u00fcssel zu Gesundheit und Wohlbefinden. Die ober\u00f6sterreichischen Ern\u00e4hrungsberaterInnen [&hellip;]<\/p>\n","protected":false},"author":1,"featured_media":0,"parent":0,"menu_order":0,"comment_status":"closed","ping_status":"closed","template":"","meta":{"footnotes":""},"class_list":["post-695","page","type-page","status-publish","hentry"],"_links":{"self":[{"href":"https:\/\/www.moveup-ooe.at\/index.php?rest_route=\/wp\/v2\/pages\/695","targetHints":{"allow":["GET"]}}],"collection":[{"href":"https:\/\/www.moveup-ooe.at\/index.php?rest_route=\/wp\/v2\/pages"}],"about":[{"href":"https:\/\/www.moveup-ooe.at\/index.php?rest_route=\/wp\/v2\/types\/page"}],"author":[{"embeddable":true,"href":"https:\/\/www.moveup-ooe.at\/index.php?rest_route=\/wp\/v2\/users\/1"}],"replies":[{"embeddable":true,"href":"https:\/\/www.moveup-ooe.at\/index.php?rest_route=%2Fwp%2Fv2%2Fcomments&post=695"}],"version-history":[{"count":45,"href":"https:\/\/www.moveup-ooe.at\/index.php?rest_route=\/wp\/v2\/pages\/695\/revisions"}],"predecessor-version":[{"id":1576,"href":"https:\/\/www.moveup-ooe.at\/index.php?rest_route=\/wp\/v2\/pages\/695\/revisions\/1576"}],"wp:attachment":[{"href":"https:\/\/www.moveup-ooe.at\/index.php?rest_route=%2Fwp%2Fv2%2Fmedia&parent=695"}],"curies":[{"name":"wp","href":"https:\/\/api.w.org\/{rel}","templated":true}]}}